{"id":62060,"date":"2016-11-14T11:41:17","date_gmt":"2016-11-14T11:41:17","guid":{"rendered":"https:\/\/test.visitnautaran.com\/politica-de-privacidad\/"},"modified":"2024-08-27T09:13:52","modified_gmt":"2024-08-27T07:13:52","slug":"politica-de-privacidad","status":"publish","type":"page","link":"https:\/\/test.visitnautaran.com\/fr\/politica-de-privacidad\/","title":{"rendered":"Politique de confidentialit\u00e9"},"content":{"rendered":"<p>[et_pb_section fb_built=\u00a0\u00bb1&Prime; _builder_version=\u00a0\u00bb4.16&Prime; global_colors_info=\u00a0\u00bb{}\u00a0\u00bb][et_pb_row _builder_version=\u00a0\u00bb4.16&Prime; background_size=\u00a0\u00bbinitial\u00a0\u00bb background_position=\u00a0\u00bbtop_left\u00a0\u00bb background_repeat=\u00a0\u00bbrepeat\u00a0\u00bb global_colors_info=\u00a0\u00bb{}\u00a0\u00bb][et_pb_column type=\u00a0\u00bb4_4&Prime; _builder_version=\u00a0\u00bb4.16&Prime; custom_padding=\u00a0\u00bb|||\u00a0\u00bb global_colors_info=\u00a0\u00bb{}\u00a0\u00bb custom_padding__hover=\u00a0\u00bb|||\u00a0\u00bb][et_pb_text _builder_version=\u00a0\u00bb4.21.0&Prime; background_size=\u00a0\u00bbinitial\u00a0\u00bb background_position=\u00a0\u00bbtop_left\u00a0\u00bb background_repeat=\u00a0\u00bbrepeat\u00a0\u00bb global_colors_info=\u00a0\u00bb{}\u00a0\u00bb]<\/p>\n<p><strong>R\u00c9SEAUX SOCIAUX<\/strong><\/p>\n<p>L&rsquo;utilisateur doit disposer de son profil sur les r\u00e9seaux sociaux pour pouvoir interagir avec <strong>AJUNTAMENT NAUT ARAN<\/strong> et accepter la relation avec notre r\u00e9seau social. Si cela est ex\u00e9cut\u00e9,<strong> AJUNTAMENT NAUT ARAN<\/strong> aura acc\u00e8s au profil de l&rsquo;utilisateur conform\u00e9ment aux param\u00e8tres stipul\u00e9s par le r\u00e9seau social lui-m\u00eame et pourra interagir avec celui-ci en envoyant des messages, des publications, en participant \u00e0 des concours et des tirages au sort. Si l&rsquo;utilisateur ne souhaite pas qu&rsquo;<strong>AJUNTAMENT NAUT ARAN<\/strong> puisse acc\u00e9der \u00e0 son profil ou interagir avec celui-ci, il devra se dissocier du profil en cessant de suivre ou en \u00e9liminant l&rsquo;utilisateur en tant qu&rsquo;ami, suiveur ou utilisateur.<\/p>\n<p>Les actions r\u00e9alis\u00e9es par <strong>AJUNTAMENT NAUT ARAN<\/strong> peuvent avoir un caract\u00e8re informatif et\/ou publicitaire pour ses services ou produits, \u00e9tant donn\u00e9 que le r\u00e9seau social est un support publicitaire, sous la responsabilit\u00e9 d&rsquo;<strong>AJUNTAMENT NAUT ARAN<\/strong> quant aux publications et communications r\u00e9alis\u00e9es en ligne. m\u00e9dias.<\/p>\n<p>La participation des utilisateurs \u00e0 des concours, promotions ou tirages au sort impliquera que l&rsquo;utilisateur accepte les bases juridiques de ce concours, promotion ou tirage au sort qui sera publi\u00e9 sur le r\u00e9seau social de r\u00e9f\u00e9rence au moment opportun et avec sa participation, cela impliquera que l&rsquo;utilisateur a accept\u00e9 eux-m\u00eames.<\/p>\n<p>Il est rappel\u00e9 aux utilisateurs que les publications qu&rsquo;ils effectueront sur les r\u00e9seaux sociaux seront sous leur responsabilit\u00e9 et qu&rsquo;il leur sera n\u00e9cessaire de respecter la l\u00e9gislation et les droits des tiers pouvant affecter avec une importance particuli\u00e8re les droits de propri\u00e9t\u00e9 intellectuelle, la protection des donn\u00e9es et la vie priv\u00e9e. propre image des tiers, ainsi que les r\u00e8gles des r\u00e9seaux sociaux eux-m\u00eames qui apparaissent dans les liens suivants :<\/p>\n<ul>\n<li>Facebook : https:\/\/www.facebook.com\/legal\/terms<\/li>\n<li>Instagram : https:\/\/help.instagram.com\/<\/li>\n<li>Twitter : https:\/\/twitter.com\/es\/tos<\/li>\n<\/ul>\n<p><strong>PROTECTION DES DONN\u00c9ES PERSONNELLES<\/strong><\/p>\n<p>Dans le cadre de la r\u00e9glementation sur la protection des donn\u00e9es personnelles, vous autorisez que les donn\u00e9es personnelles fournies soient trait\u00e9es sous la responsabilit\u00e9 de <strong>AJUNTAMENT NAUT ARAN<\/strong> et domicili\u00e9e \u00e0 <strong>AJUNTAMENT NAUT ARAN<\/strong>.<\/p>\n<ul>\n<li>Formulaire de contact Vos donn\u00e9es seront trait\u00e9es afin de r\u00e9pondre \u00e0 votre demande, ceci \u00e9tant la cause qui l\u00e9gitime le traitement. Celles-ci seront conserv\u00e9es jusqu\u2019\u00e0 ce que vous manifestiez votre volont\u00e9 de vous d\u00e9sinscrire et elles ne seront pas transmises \u00e0 des tiers.<\/li>\n<li>S&rsquo;ils sont trait\u00e9s sur nos r\u00e9seaux sociaux, comme d\u00e9taill\u00e9 ci-dessus, ils seront trait\u00e9s dans le but de g\u00e9rer les informations et donn\u00e9es obtenues \u00e0 partir de l&rsquo;interaction des utilisateurs des r\u00e9seaux sociaux avec ces profils\/pages. Ces donn\u00e9es sont trait\u00e9es selon l&rsquo;int\u00e9r\u00eat l\u00e9gitime de cette soci\u00e9t\u00e9 et seront conserv\u00e9es aussi longtemps que sera maintenu l&rsquo;int\u00e9r\u00eat l\u00e9gitime ayant permis leur traitement.<\/li>\n<li>S&rsquo;ils sont captur\u00e9s gr\u00e2ce \u00e0 l&rsquo;utilisation de cookies analytiques que vous avez pr\u00e9alablement accept\u00e9s lors de l&rsquo;acc\u00e8s \u00e0 notre site Internet, ils seront utilis\u00e9s aux fins d&rsquo;analyse sp\u00e9cifi\u00e9es dans la politique en mati\u00e8re de cookies de notre site Internet. Vos donn\u00e9es seront transf\u00e9r\u00e9es \u00e0 l&rsquo;international avec les \u00c9tats-Unis et conserv\u00e9es pendant la dur\u00e9e n\u00e9cessaire \u00e0 la finalit\u00e9 d\u00e9taill\u00e9e dans notre politique en mati\u00e8re de cookies.<\/li>\n<\/ul>\n<p>Dans tous les cas, vous pouvez indiquer la r\u00e9vocation du consentement donn\u00e9, si c&rsquo;est la base qui a l\u00e9gitim\u00e9 le traitement ou exercer les droits accord\u00e9s :<\/p>\n<ul>\n<li>Acc\u00e8s : L&rsquo;int\u00e9ress\u00e9 a le droit de savoir si le responsable du traitement traite ses donn\u00e9es personnelles et, si tel est le cas, il a le droit d&rsquo;acc\u00e9der \u00e0 ces donn\u00e9es, ainsi que d&rsquo;obtenir des informations sur le traitement effectu\u00e9.<\/li>\n<li>Rectification : Elle est li\u00e9e \u00e0 l&rsquo;inexactitude ou au caract\u00e8re incomplet des donn\u00e9es. L&rsquo;int\u00e9ress\u00e9 a le droit de rectifier les donn\u00e9es personnelles inexactes et de faire compl\u00e9ter les donn\u00e9es personnelles incompl\u00e8tes.<\/li>\n<li>Suppression : L&rsquo;int\u00e9ress\u00e9 a le droit d&rsquo;obtenir la suppression de ses donn\u00e9es personnelles (\u00ab droit \u00e0 l&rsquo;oubli \u00bb), lorsque celles-ci ne sont plus n\u00e9cessaires aux fins pour lesquelles elles ont \u00e9t\u00e9 collect\u00e9es, le consentement sur lequel \u00e9tait bas\u00e9 le traitement est r\u00e9voqu\u00e9. , l&rsquo;int\u00e9ress\u00e9 s&rsquo;oppose au traitement, les donn\u00e9es ont \u00e9t\u00e9 trait\u00e9es ill\u00e9galement, doivent \u00eatre supprim\u00e9es pour respecter une obligation l\u00e9gale ou ont \u00e9t\u00e9 obtenues dans le cadre de l&rsquo;offre de services de la soci\u00e9t\u00e9 de l&rsquo;information destin\u00e9s aux mineurs.<\/li>\n<li>Limitation du traitement : l&rsquo;int\u00e9ress\u00e9 a le droit de marquer ses donn\u00e9es personnelles stock\u00e9es afin de limiter le traitement \u00e0 l&rsquo;avenir. La limitation du traitement signifie que, \u00e0 la demande de l&rsquo;int\u00e9ress\u00e9, les donn\u00e9es personnelles indiqu\u00e9es ne sont plus trait\u00e9es.<\/li>\n<li>Opposition : l&rsquo;int\u00e9ress\u00e9 a le droit de s&rsquo;opposer au traitement de ses donn\u00e9es lorsqu&rsquo;il repose sur certaines hypoth\u00e8ses sp\u00e9cifiques et qu&rsquo;une raison li\u00e9e \u00e0 sa situation personnelle est invoqu\u00e9e.<\/li>\n<li>Portabilit\u00e9 des donn\u00e9es : l&rsquo;int\u00e9ress\u00e9 a le droit de recevoir ses donn\u00e9es personnelles fournies au responsable du traitement dans un format structur\u00e9, couramment utilis\u00e9 et lisible par machine, si elles sont bas\u00e9es sur un consentement ou un contrat ou lorsque le traitement est effectu\u00e9 au moyen automatis\u00e9.<\/li>\n<li>Ne pas faire l&rsquo;objet de d\u00e9cisions individuelles automatis\u00e9es : L&rsquo;int\u00e9ress\u00e9 a le droit de ne pas faire l&rsquo;objet d&rsquo;une d\u00e9cision bas\u00e9e sur le traitement automatis\u00e9 de ses donn\u00e9es, y compris le profilage qui produit des effets juridiques sur lui ou qui l&rsquo;affecte n\u00e9gativement. .<\/li>\n<\/ul>\n<p>Ces demandes doivent \u00eatre faites en c. <strong>Balm\u00e8s, non. 2, 25598 SALARD\u00da (VALL D\u2019ARAN)<\/strong> ou \u00e0 info@nautaran.org<\/p>\n<p>De m\u00eame, vous pouvez \u00e9galement d\u00e9poser une r\u00e9clamation aupr\u00e8s de l&rsquo;Autorit\u00e9 catalane de protection des donn\u00e9es, ou contacter notre d\u00e9l\u00e9gu\u00e9 \u00e0 la protection des donn\u00e9es \u00e0 secretaria@nautaran.org<\/p>\n<p><strong>PROPRI\u00c9T\u00c9 INDUSTRIELLE ET INTELLECTUELLE<\/strong><\/p>\n<p>Ce site Internet est la propri\u00e9t\u00e9 de l&rsquo;<strong>AJUNTAMENT NAUT ARAN<\/strong>. Les droits de propri\u00e9t\u00e9 intellectuelle et les droits d&rsquo;exploitation et de reproduction de ce site Internet, de ses pages, de sa pr\u00e9sence sur les r\u00e9seaux sociaux, des \u00e9crans, des informations qu&rsquo;ils contiennent, de son apparence, de sa conception, ainsi que des liens (hyperliens) \u00e9tablis \u00e0 partir de celui-ci vers des tiers. Les pages Web de tout centre rattach\u00e9 ou organisme d\u00e9pendant sont sa propri\u00e9t\u00e9 exclusive sauf disposition expresse contraire.<\/p>\n<p>Tous les noms, dessins et\/ou logos, ainsi que tous produits ou services propos\u00e9s et refl\u00e9t\u00e9s sur ce site Web, sont des marques d\u00fbment enregistr\u00e9es par <strong>AJUNTAMENT NAUT ARAN<\/strong> par ses filiales et\/ou d\u00e9sign\u00e9es par des tiers.<\/p>\n<p>Toute utilisation inappropri\u00e9e de celui-ci par des personnes autres que son propri\u00e9taire l\u00e9gitime et sans le consentement expr\u00e8s et sans \u00e9quivoque de ce dernier pourra \u00eatre signal\u00e9e et poursuivie par tous les moyens l\u00e9gaux existants dans le syst\u00e8me juridique espagnol et\/ou communautaire.<\/p>\n<p>Les droits de propri\u00e9t\u00e9 intellectuelle et les marques de tiers sont convenablement mis en \u00e9vidence et doivent \u00eatre respect\u00e9s par toute personne acc\u00e9dant \u00e0 cette page, et l&rsquo;utilisation que l&rsquo;utilisateur peut effectuer \u00e0 cet \u00e9gard n&rsquo;est pas de la responsabilit\u00e9 d&rsquo;<strong>AJUNTAMENT NAUT ARAN<\/strong>, \u00e9tant la seule responsabilit\u00e9 de son personne.<\/p>\n<p>Uniquement pour un usage personnel et priv\u00e9, il est autoris\u00e9 de t\u00e9l\u00e9charger le contenu, de copier ou d&rsquo;imprimer n&rsquo;importe quelle page de ce site Web et des r\u00e9seaux sociaux. Il est interdit de reproduire, transmettre, modifier ou supprimer les informations contenues ou les avertissements sur ce site sans l&rsquo;autorisation \u00e9crite pr\u00e9alable de <strong>AJUNTAMENT NAUT ARAN.<\/strong><\/p>\n<p><strong>AJUNTAMENT NAUT ARAN<\/strong> ne transf\u00e8re pas la propri\u00e9t\u00e9 de son logiciel aux utilisateurs. L&rsquo;utilisateur est propri\u00e9taire du support sur lequel le logiciel est enregistr\u00e9.<strong> AJUNTAMENT NAUT ARAN<\/strong> est propri\u00e9taire de tous les droits de propri\u00e9t\u00e9 industrielle et intellectuelle, y compris le logiciel. Si l&rsquo;utilisateur transf\u00e8re un logiciel de ce site vers son terminal, il ne pourra pas diss\u00e9quer par son \u00e9tude et d\u00e9compiler, traduire la version originale du code objet ou sa langue ou un autre code ou langue.<\/p>\n<p><strong>LOI APPLICABLE ET JURIDICTION<\/strong><\/p>\n<p>Les pr\u00e9sentes conditions g\u00e9n\u00e9rales sont r\u00e9gies par la l\u00e9gislation espagnole, les cours et tribunaux espagnols \u00e9tant comp\u00e9tents pour conna\u00eetre de toutes les questions qui pourraient survenir concernant leur interpr\u00e9tation, leur application et leur respect. L&rsquo;utilisateur, en vertu de son acceptation des conditions g\u00e9n\u00e9rales incluses dans le pr\u00e9sent avis l\u00e9gal et chaque fois que cette soumission est possible, renonce express\u00e9ment \u00e0 toute juridiction qui, par application du droit de proc\u00e9dure civile en vigueur, pourrait lui correspondre<\/p>\n<p>[\/et_pb_text][\/et_pb_column][\/et_pb_row][\/et_pb_section]<\/p>\n","protected":false},"excerpt":{"rendered":"<p>R\u00c9SEAUX SOCIAUX L&rsquo;utilisateur doit disposer de son profil sur les r\u00e9seaux sociaux pour pouvoir interagir avec AJUNTAMENT NAUT ARAN et accepter la relation avec notre r\u00e9seau social. Si cela est ex\u00e9cut\u00e9, AJUNTAMENT NAUT ARAN aura acc\u00e8s au profil de l&rsquo;utilisateur conform\u00e9ment aux param\u00e8tres stipul\u00e9s par le r\u00e9seau social lui-m\u00eame et pourra interagir avec celui-ci en [&hellip;]<\/p>\n","protected":false},"author":3,"featured_media":0,"parent":0,"menu_order":0,"comment_status":"closed","ping_status":"closed","template":"","meta":{"_acf_changed":false,"_et_pb_use_builder":"on","_et_pb_old_content":"<h3>Identidad y direcci\u00f3n del responsable del fichero donde se encuentran sus datos<\/h3><p class=\"ng-binding\">En virtud de la Ley Org\u00e1nica 15\/1999, de 13 de diciembre, Protecci\u00f3n de Datos de Car\u00e1cter Personal, con domicilio social en (de ahora en adelante el Responsable del Fichero), le informa que al introducir sus datos a trav\u00e9s de los formularios electr\u00f3nicos de nuestra web nos suministrar\u00e1 determinados datos de car\u00e1cter personal que se tratar\u00e1n de forma automatizada e incorporar\u00e1n a los correspondientes ficheros de los que es titular y Responsable.<\/p><h3>Finalidad del tratamiento de sus datos<\/h3><p class=\"ng-binding\">La recogida y tratamiento automatizado de sus datos personales tiene como finalidad hacerle participar en los concursos y promociones que ofrecemos a trav\u00e9s de nuestra web as\u00ed como recibir nuestro Newsletter si as\u00ed lo desea. Por la presente, usted consiente el tratamiento de sus datos con el fin de ser utilizados para el env\u00edo de promociones publicitarias y prospecci\u00f3n comercial a trav\u00e9s de cualquier medio, incluyendo por v\u00eda electr\u00f3nica, por la empresa y otras relacionadas con los sectores de las telecomunicaciones, financiero, ocio, formaci\u00f3n, gran consumo, automoci\u00f3n y energ\u00eda.<\/p><h3>Derechos de acceso, rectificaci\u00f3n y cancelaci\u00f3n<\/h3><p class=\"ng-binding\">En todo momento podr\u00e1 ejercitar su derecho de acceso, rectificaci\u00f3n, cancelaci\u00f3n y oposici\u00f3n enviando su solicitud escrita y firmada dirigida al Departamento Legal de acompa\u00f1ando fotocopia de su DNI a la direcci\u00f3n postal arriba indicada o bien a la siguiente direcci\u00f3n de correo electr\u00f3nico . Asimismo, en cualquier momento podr\u00e1 revocar el consentimiento arriba prestado para la cesi\u00f3n de sus datos personales y la recepci\u00f3n de comunicaciones comerciales enviando una comunicaci\u00f3n en este sentido a la direcci\u00f3n de correo electr\u00f3nico indicando la palabra \u201cBaja\u201d en el asunto a la direcci\u00f3n de correo electr\u00f3nico arriba referenciada.<\/p><h3>Cesi\u00f3n<\/h3><p class=\"ng-binding\">Si usted es premiado en alguno de nuestros concursos o promociones, autoriza la publicaci\u00f3n de sus datos personales en nuestra Web y en los perfiles sociales de de Facebook, Youtube, Twitter, Instagram, Google y Pinterest a efectos de anunciar quien ha sido la persona ganadora. Asimismo, usted consiente la comunicaci\u00f3n de sus datos a proveedores externos de relacionados con los sectores de las telecomunicaciones, financiero, ocio, formaci\u00f3n, gran consumo, automoci\u00f3n y energ\u00eda, a fin de ser utilizados para el env\u00edo de promociones publicitarias y prospecci\u00f3n comercial.<\/p>","_et_gb_content_width":"","footnotes":""},"class_list":["post-62060","page","type-page","status-publish","hentry"],"acf":[],"yoast_head":"<!-- This site is optimized with the Yoast SEO plugin v27.4 - https:\/\/yoast.com\/product\/yoast-seo-wordpress\/ -->\n<title>Politique de confidentialit\u00e9 - Naut Aran Era Reserva - Web tur&iacute;stica Naut Aran<\/title>\n<meta name=\"robots\" content=\"noindex, follow, max-snippet:-1, max-image-preview:large, max-video-preview:-1\" \/>\n<meta property=\"og:locale\" content=\"fr_FR\" \/>\n<meta property=\"og:type\" content=\"article\" \/>\n<meta property=\"og:title\" content=\"Politique de confidentialit\u00e9 - Naut Aran Era Reserva - Web tur&iacute;stica Naut Aran\" \/>\n<meta property=\"og:description\" content=\"R\u00c9SEAUX SOCIAUX L&#039;utilisateur doit disposer de son profil sur les r\u00e9seaux sociaux pour pouvoir interagir avec AJUNTAMENT NAUT ARAN et accepter la relation avec notre r\u00e9seau social. Si cela est ex\u00e9cut\u00e9, AJUNTAMENT NAUT ARAN aura acc\u00e8s au profil de l&#039;utilisateur conform\u00e9ment aux param\u00e8tres stipul\u00e9s par le r\u00e9seau social lui-m\u00eame et pourra interagir avec celui-ci en [&hellip;]\" \/>\n<meta property=\"og:site_name\" content=\"Naut Aran Era Reserva - Web tur&iacute;stica Naut Aran\" \/>\n<meta property=\"article:modified_time\" content=\"2024-08-27T07:13:52+00:00\" \/>\n<meta name=\"twitter:card\" content=\"summary_large_image\" \/>\n<meta name=\"twitter:label1\" content=\"Dur\u00e9e de lecture estim\u00e9e\" \/>\n\t<meta name=\"twitter:data1\" content=\"6 minutes\" \/>\n<script type=\"application\/ld+json\" class=\"yoast-schema-graph\">{\"@context\":\"https:\\\/\\\/schema.org\",\"@graph\":[{\"@type\":\"WebPage\",\"@id\":\"https:\\\/\\\/test.visitnautaran.com\\\/fr\\\/politica-de-privacidad\\\/\",\"url\":\"https:\\\/\\\/test.visitnautaran.com\\\/fr\\\/politica-de-privacidad\\\/\",\"name\":\"Politique de confidentialit\u00e9 - Naut Aran Era Reserva - Web tur&iacute;stica Naut Aran\",\"isPartOf\":{\"@id\":\"https:\\\/\\\/test.visitnautaran.com\\\/#website\"},\"datePublished\":\"2016-11-14T11:41:17+00:00\",\"dateModified\":\"2024-08-27T07:13:52+00:00\",\"breadcrumb\":{\"@id\":\"https:\\\/\\\/test.visitnautaran.com\\\/fr\\\/politica-de-privacidad\\\/#breadcrumb\"},\"inLanguage\":\"fr-FR\",\"potentialAction\":[{\"@type\":\"ReadAction\",\"target\":[\"https:\\\/\\\/test.visitnautaran.com\\\/fr\\\/politica-de-privacidad\\\/\"]}]},{\"@type\":\"BreadcrumbList\",\"@id\":\"https:\\\/\\\/test.visitnautaran.com\\\/fr\\\/politica-de-privacidad\\\/#breadcrumb\",\"itemListElement\":[{\"@type\":\"ListItem\",\"position\":1,\"name\":\"Inicio\",\"item\":\"https:\\\/\\\/test.visitnautaran.com\\\/fr\\\/\"},{\"@type\":\"ListItem\",\"position\":2,\"name\":\"Politique de confidentialit\u00e9\"}]},{\"@type\":\"WebSite\",\"@id\":\"https:\\\/\\\/test.visitnautaran.com\\\/#website\",\"url\":\"https:\\\/\\\/test.visitnautaran.com\\\/\",\"name\":\"Naut Aran Era Reserva - Web tur&iacute;stica Naut Aran\",\"description\":\"Naut Aran Era Reserva\",\"potentialAction\":[{\"@type\":\"SearchAction\",\"target\":{\"@type\":\"EntryPoint\",\"urlTemplate\":\"https:\\\/\\\/test.visitnautaran.com\\\/?s={search_term_string}\"},\"query-input\":{\"@type\":\"PropertyValueSpecification\",\"valueRequired\":true,\"valueName\":\"search_term_string\"}}],\"inLanguage\":\"fr-FR\"}]}<\/script>\n<!-- \/ Yoast SEO plugin. -->","yoast_head_json":{"title":"Politique de confidentialit\u00e9 - Naut Aran Era Reserva - Web tur&iacute;stica Naut Aran","robots":{"index":"noindex","follow":"follow","max-snippet":"max-snippet:-1","max-image-preview":"max-image-preview:large","max-video-preview":"max-video-preview:-1"},"og_locale":"fr_FR","og_type":"article","og_title":"Politique de confidentialit\u00e9 - Naut Aran Era Reserva - Web tur&iacute;stica Naut Aran","og_description":"R\u00c9SEAUX SOCIAUX L'utilisateur doit disposer de son profil sur les r\u00e9seaux sociaux pour pouvoir interagir avec AJUNTAMENT NAUT ARAN et accepter la relation avec notre r\u00e9seau social. Si cela est ex\u00e9cut\u00e9, AJUNTAMENT NAUT ARAN aura acc\u00e8s au profil de l'utilisateur conform\u00e9ment aux param\u00e8tres stipul\u00e9s par le r\u00e9seau social lui-m\u00eame et pourra interagir avec celui-ci en [&hellip;]","og_site_name":"Naut Aran Era Reserva - Web tur&iacute;stica Naut Aran","article_modified_time":"2024-08-27T07:13:52+00:00","twitter_card":"summary_large_image","twitter_misc":{"Dur\u00e9e de lecture estim\u00e9e":"6 minutes"},"schema":{"@context":"https:\/\/schema.org","@graph":[{"@type":"WebPage","@id":"https:\/\/test.visitnautaran.com\/fr\/politica-de-privacidad\/","url":"https:\/\/test.visitnautaran.com\/fr\/politica-de-privacidad\/","name":"Politique de confidentialit\u00e9 - Naut Aran Era Reserva - Web tur&iacute;stica Naut Aran","isPartOf":{"@id":"https:\/\/test.visitnautaran.com\/#website"},"datePublished":"2016-11-14T11:41:17+00:00","dateModified":"2024-08-27T07:13:52+00:00","breadcrumb":{"@id":"https:\/\/test.visitnautaran.com\/fr\/politica-de-privacidad\/#breadcrumb"},"inLanguage":"fr-FR","potentialAction":[{"@type":"ReadAction","target":["https:\/\/test.visitnautaran.com\/fr\/politica-de-privacidad\/"]}]},{"@type":"BreadcrumbList","@id":"https:\/\/test.visitnautaran.com\/fr\/politica-de-privacidad\/#breadcrumb","itemListElement":[{"@type":"ListItem","position":1,"name":"Inicio","item":"https:\/\/test.visitnautaran.com\/fr\/"},{"@type":"ListItem","position":2,"name":"Politique de confidentialit\u00e9"}]},{"@type":"WebSite","@id":"https:\/\/test.visitnautaran.com\/#website","url":"https:\/\/test.visitnautaran.com\/","name":"Naut Aran Era Reserva - Web tur&iacute;stica Naut Aran","description":"Naut Aran Era Reserva","potentialAction":[{"@type":"SearchAction","target":{"@type":"EntryPoint","urlTemplate":"https:\/\/test.visitnautaran.com\/?s={search_term_string}"},"query-input":{"@type":"PropertyValueSpecification","valueRequired":true,"valueName":"search_term_string"}}],"inLanguage":"fr-FR"}]}},"_links":{"self":[{"href":"https:\/\/test.visitnautaran.com\/fr\/wp-json\/wp\/v2\/pages\/62060","targetHints":{"allow":["GET"]}}],"collection":[{"href":"https:\/\/test.visitnautaran.com\/fr\/wp-json\/wp\/v2\/pages"}],"about":[{"href":"https:\/\/test.visitnautaran.com\/fr\/wp-json\/wp\/v2\/types\/page"}],"author":[{"embeddable":true,"href":"https:\/\/test.visitnautaran.com\/fr\/wp-json\/wp\/v2\/users\/3"}],"replies":[{"embeddable":true,"href":"https:\/\/test.visitnautaran.com\/fr\/wp-json\/wp\/v2\/comments?post=62060"}],"version-history":[{"count":4,"href":"https:\/\/test.visitnautaran.com\/fr\/wp-json\/wp\/v2\/pages\/62060\/revisions"}],"predecessor-version":[{"id":62076,"href":"https:\/\/test.visitnautaran.com\/fr\/wp-json\/wp\/v2\/pages\/62060\/revisions\/62076"}],"wp:attachment":[{"href":"https:\/\/test.visitnautaran.com\/fr\/wp-json\/wp\/v2\/media?parent=62060"}],"curies":[{"name":"wp","href":"https:\/\/api.w.org\/{rel}","templated":true}]}}