{"id":62033,"date":"2023-04-25T12:25:44","date_gmt":"2023-04-25T10:25:44","guid":{"rendered":"https:\/\/test.visitnautaran.com\/politica-de-cookies-2\/"},"modified":"2024-08-27T08:54:17","modified_gmt":"2024-08-27T06:54:17","slug":"politica-de-cookies-2","status":"publish","type":"page","link":"https:\/\/test.visitnautaran.com\/fr\/politica-de-cookies-2\/","title":{"rendered":"Politique de cookies"},"content":{"rendered":"<p>[et_pb_section fb_built=\u00a0\u00bb1&Prime; _builder_version=\u00a0\u00bb4.16&Prime; global_colors_info=\u00a0\u00bb{}\u00a0\u00bb][et_pb_row _builder_version=\u00a0\u00bb4.16&Prime; background_size=\u00a0\u00bbinitial\u00a0\u00bb background_position=\u00a0\u00bbtop_left\u00a0\u00bb background_repeat=\u00a0\u00bbrepeat\u00a0\u00bb global_colors_info=\u00a0\u00bb{}\u00a0\u00bb][et_pb_column type=\u00a0\u00bb4_4&Prime; _builder_version=\u00a0\u00bb4.16&Prime; custom_padding=\u00a0\u00bb|||\u00a0\u00bb global_colors_info=\u00a0\u00bb{}\u00a0\u00bb custom_padding__hover=\u00a0\u00bb|||\u00a0\u00bb][et_pb_text _builder_version=\u00a0\u00bb4.21.0&Prime; _module_preset=\u00a0\u00bbdefault\u00a0\u00bb global_colors_info=\u00a0\u00bb{}\u00a0\u00bb]<\/p>\n<p><strong>Avis sur les cookies<\/strong><\/p>\n<p>Nous utilisons nos propres cookies et ceux de tiers pour analyser nos services et vous montrer des publicit\u00e9s li\u00e9es aux pr\u00e9f\u00e9rences de l&rsquo;utilisateur en fonction d&rsquo;un profil cr\u00e9\u00e9 \u00e0 partir de vos habitudes de navigation.<\/p>\n<p><strong>Politique de cookies<\/strong><\/p>\n<p>Nous vous informons que sur le site <a href=\"https:\/\/test.visitnautaran.com\/fr\">https:\/\/test.visitnautaran.com\/fr<\/a>, le syst\u00e8me de navigation utilise certaines donn\u00e9es de navigation (\u00ab Cookies \u00bb) pour pouvoir offrir un service plus personnalis\u00e9 aux utilisateurs du site.<\/p>\n<p>Les \u00ab cookies \u00bb sont de petits fichiers texte que le navigateur enregistre lorsque vous naviguez sur des pages Web et des applications. De mani\u00e8re g\u00e9n\u00e9rale, ces technologies peuvent servir \u00e0 des fins tr\u00e8s diff\u00e9rentes, comme par exemple vous reconna\u00eetre en tant qu&rsquo;utilisateur, obtenir des informations sur vos habitudes de navigation ou personnaliser la mani\u00e8re dont le contenu est affich\u00e9.<\/p>\n<p><strong>AJUNTAMENT NAUT ARAN<\/strong> utilise des \u00ab cookies \u00bb tiers sur son site Internet :<\/p>\n<p>Cookies d&rsquo;analyse : Ceux-ci sont trait\u00e9s par des tiers et nous permettent de quantifier le nombre d&rsquo;utilisateurs et ainsi de r\u00e9aliser la mesure et l&rsquo;analyse statistique de l&rsquo;utilisation faite par les utilisateurs du service propos\u00e9. Pour ce faire, votre navigation sur notre site Internet est analys\u00e9e afin d&rsquo;am\u00e9liorer l&rsquo;offre de produits ou de services. Le tiers est Google Analytics, qui est un service de statistiques de pages Web propos\u00e9 par Google Inc. Google Analytics collecte des informations sur l&rsquo;ordinateur de l&rsquo;utilisateur pour obtenir des rapports sur l&rsquo;activit\u00e9 de l&rsquo;application et stocke les informations collect\u00e9es par les \u00ab cookies \u00bb sur les serveurs du site. \u00c9tats-Unis, il y a un transfert international de donn\u00e9es, et donc l&rsquo;accepter en acceptant ces cookies.<\/p>\n<p>Cookies de publicit\u00e9 comportementale : ce sont ceux, trait\u00e9s par des tiers, qui nous permettent d&rsquo;analyser vos habitudes de navigation sur Internet afin d&rsquo;afficher de la publicit\u00e9 avec votre profil de navigation. Le service est fourni par Google Inc.<\/p>\n<p>Dans tous les cas, dans le cas o\u00f9 des donn\u00e9es personnelles sont captur\u00e9es &#8211; dans ce cas uniquement l&rsquo;adresse IP d&rsquo;acc\u00e8s ; Nous vous informons que celles-ci seront trait\u00e9es sous la responsabilit\u00e9 de l&rsquo;<strong>AJUNTAMENT NAUT ARAN.<\/strong><\/p>\n<p>La finalit\u00e9 de ce traitement est la gestion et le contr\u00f4le des r\u00e9seaux sociaux disponibles, ainsi que des utilisateurs qui interagissent sur le site et des informations obtenues, votre consentement fondant la l\u00e9gitimation de ce traitement. Ces donn\u00e9es seront transmises aux soci\u00e9t\u00e9s de gestion des cookies et seront conserv\u00e9es conform\u00e9ment aux param\u00e8tres stipul\u00e9s par ces soci\u00e9t\u00e9s. Ces donn\u00e9es seront transf\u00e9r\u00e9es vers des pays tiers et vous pouvez obtenir plus d&rsquo;informations \u00e0 ce sujet dans la propre politique de Google : <a href=\"https:\/\/policies.google.com\/privacy?hl=es\">https:\/\/policies.google.com\/privacy?hl=es<\/a><\/p>\n<p>Conform\u00e9ment aux dispositions de la r\u00e9glementation sur la protection des donn\u00e9es, nous vous informons que vous pouvez r\u00e9voquer ces autorisations via votre propre navigateur ou exercer les droits d&rsquo;acc\u00e8s, de rectification ou de suppression, de limitation du traitement ou d&rsquo;opposition, ainsi que le droit \u00e0 la portabilit\u00e9 des donn\u00e9es. . Les donn\u00e9es peuvent \u00eatre adress\u00e9es \u00e0 : <strong>AJUNTAMENT NAUT ARAN, c. Balm\u00e8s, non. 2, 25598 \u2013 SALARD\u00da (Vall d\u2019Aran)<\/strong> ou envoyez un email \u00e0 : info@nautaran.org<\/p>\n<p>De m\u00eame, vous pouvez d\u00e9poser une r\u00e9clamation aupr\u00e8s de l&rsquo;Autorit\u00e9 catalane de protection des donn\u00e9es ou contacter le d\u00e9l\u00e9gu\u00e9 \u00e0 la protection des donn\u00e9es \u00e0 secretaria@nautaran.org<\/p>\n<p>L&rsquo;utilisateur est inform\u00e9 que Google pourra transmettre ces informations \u00e0 des tiers lorsque la loi l&rsquo;exige, ou lorsque ces tiers traiteront les informations pour le compte de Google. Google n&rsquo;associera pas l&rsquo;adresse IP de l&rsquo;utilisateur avec d&rsquo;autres donn\u00e9es dont il dispose et le fera donc de mani\u00e8re totalement anonymis\u00e9e.<\/p>\n<p>Pour refuser ou supprimer ce \u00ab cookie \u00bb vous pouvez consulter l\u2019adresse suivante :<\/p>\n<p><a href=\"http:\/\/www.google.com\/intl\/ca\/policies\/privacy\/\">http:\/\/www.google.com\/intl\/ca\/policies\/privacy\/<\/a><\/p>\n<p><a href=\"http:\/\/www.google.com\/intl\/en\/privacypolicy.html\">http:\/\/www.google.com\/intl\/en\/privacypolicy.html<\/a><\/p>\n<p><strong>D\u00c9SACTIVATION ET BLOCAGE DES COOKIES<\/strong><\/p>\n<p>Dans tous les cas, l&rsquo;utilisateur peut activer l&rsquo;option de son propre syst\u00e8me de navigation pour ne pas permettre l&rsquo;installation de cookies ; En aucun cas <strong>AJUNTAMENT NAUT ARAN<\/strong> ne pourra \u00eatre tenu responsable si la d\u00e9sactivation des Cookies entra\u00eene un mauvais fonctionnement de certains des services propos\u00e9s par ce site Internet.<\/p>\n<p>Dans les liens suivants, vous trouverez des instructions qui vous aideront \u00e0 configurer les param\u00e8tres des principaux navigateurs les plus utilis\u00e9s.<\/p>\n<p>Internet Explorer : <a href=\"https:\/\/support.microsoft.com\/es-es\/help\/17442\/windows-internet-explorer-delete-manage-cookies\">https:\/\/support.microsoft.com\/es-es\/help\/17442\/windows-internet-explorer-delete-manage-cookies<\/a><\/p>\n<p>Microsoft Edge : <a href=\"https:\/\/support.microsoft.com\/es-es\/help\/4027947\/microsoft-edge-delete-cookies\">https:\/\/support.microsoft.com\/es-es\/help\/4027947\/microsoft-edge-delete-cookies<\/a><\/p>\n<p>Google Chrome : <a href=\"https:\/\/support.google.com\/chrome\/answer\/95647?hl=es\">https:\/\/support.google.com\/chrome\/answer\/95647?hl=es<\/a><\/p>\n<p>Mozilla Firefox : <a href=\"http:\/\/support.mozilla.org\/es\/kb\/habilitar-y-deshabilitar-cookies-que-los-sitios-we\">http:\/\/support.mozilla.org\/es\/kb\/habilitar-y-deshabilitar-cookies-que-los-sitios-we<\/a><\/p>\n<p>Safari : <a href=\"http:\/\/support.apple.com\/kb\/ph5042\">http:\/\/support.apple.com\/kb\/ph5042<\/a><\/p>\n<p>Safari pour IOS (Iphone, iPad) : <a href=\"http:\/\/support.apple.com\/kb\/ht1677?viewlocale=es_es&amp;locale=es_es\">http:\/\/support.apple.com\/kb\/ht1677?viewlocale=es_es&amp;locale=es_es<\/a><\/p>\n<p>Chrome pour Android : <a href=\"https:\/\/support.google.com\/chrome\/answer\/2392971?hl=es\">https:\/\/support.google.com\/chrome\/answer\/2392971?hl=es<\/a><\/p>\n<p>Si vous souhaitez plus d&rsquo;informations sur les cookies et comment les d\u00e9sactiver en fonction de votre syst\u00e8me de navigation, vous pouvez consulter les liens suivants : www.aboutcookies.org<\/p>\n<p><a href=\"http:\/\/www.aboutcookies.org\/Default.aspx?page=1\">http:\/\/www.aboutcookies.org\/Default.aspx?page=1<\/a><\/p>\n<p>Dans le cas contraire, et apr\u00e8s avoir inform\u00e9 <strong>AJUNTAMENT NAUT ARAN<\/strong> de l&rsquo;utilisation de cookies, et sans que ceux-ci aient \u00e9t\u00e9 d\u00e9sactiv\u00e9s, cela implique que l&rsquo;utilisateur donne son consentement au traitement des donn\u00e9es par Google de la mani\u00e8re pr\u00e9vue dans cette notice et aux fins d\u00e9crites ici. .<\/p>\n<p>Si vous avez des questions ou des commentaires, vous pouvez contacter <strong>AJUNTAMENT NAUT ARAN<\/strong> via ses canaux de service client ou nous contacter \u00e0 : info@nautaran.org<\/p>\n<p>[\/et_pb_text][\/et_pb_column][\/et_pb_row][\/et_pb_section]<\/p>\n","protected":false},"excerpt":{"rendered":"<p>Avis sur les cookies Nous utilisons nos propres cookies et ceux de tiers pour analyser nos services et vous montrer des publicit\u00e9s li\u00e9es aux pr\u00e9f\u00e9rences de l&rsquo;utilisateur en fonction d&rsquo;un profil cr\u00e9\u00e9 \u00e0 partir de vos habitudes de navigation. Politique de cookies Nous vous informons que sur le site https:\/\/test.visitnautaran.com\/fr, le syst\u00e8me de navigation utilise [&hellip;]<\/p>\n","protected":false},"author":3,"featured_media":0,"parent":0,"menu_order":0,"comment_status":"closed","ping_status":"closed","template":"","meta":{"_acf_changed":false,"_et_pb_use_builder":"on","_et_pb_old_content":"<p>[cmplz-document type=\"cookie-statement\" region=\"eu\"]<\/p>","_et_gb_content_width":"","footnotes":""},"class_list":["post-62033","page","type-page","status-publish","hentry"],"acf":[],"yoast_head":"<!-- This site is optimized with the Yoast SEO plugin v27.4 - https:\/\/yoast.com\/product\/yoast-seo-wordpress\/ -->\n<title>Politique de cookies - Naut Aran Era Reserva - Web tur&iacute;stica Naut Aran<\/title>\n<meta name=\"robots\" content=\"noindex, follow, max-snippet:-1, max-image-preview:large, max-video-preview:-1\" \/>\n<meta property=\"og:locale\" content=\"fr_FR\" \/>\n<meta property=\"og:type\" content=\"article\" \/>\n<meta property=\"og:title\" content=\"Politique de cookies - Naut Aran Era Reserva - Web tur&iacute;stica Naut Aran\" \/>\n<meta property=\"og:description\" content=\"Avis sur les cookies Nous utilisons nos propres cookies et ceux de tiers pour analyser nos services et vous montrer des publicit\u00e9s li\u00e9es aux pr\u00e9f\u00e9rences de l&#039;utilisateur en fonction d&#039;un profil cr\u00e9\u00e9 \u00e0 partir de vos habitudes de navigation. Politique de cookies Nous vous informons que sur le site https:\/\/test.visitnautaran.com\/fr, le syst\u00e8me de navigation utilise [&hellip;]\" \/>\n<meta property=\"og:site_name\" content=\"Naut Aran Era Reserva - Web tur&iacute;stica Naut Aran\" \/>\n<meta property=\"article:modified_time\" content=\"2024-08-27T06:54:17+00:00\" \/>\n<meta name=\"twitter:card\" content=\"summary_large_image\" \/>\n<meta name=\"twitter:label1\" content=\"Dur\u00e9e de lecture estim\u00e9e\" \/>\n\t<meta name=\"twitter:data1\" content=\"4 minutes\" \/>\n<script type=\"application\/ld+json\" class=\"yoast-schema-graph\">{\"@context\":\"https:\\\/\\\/schema.org\",\"@graph\":[{\"@type\":\"WebPage\",\"@id\":\"https:\\\/\\\/test.visitnautaran.com\\\/fr\\\/politica-de-cookies-2\\\/\",\"url\":\"https:\\\/\\\/test.visitnautaran.com\\\/fr\\\/politica-de-cookies-2\\\/\",\"name\":\"Politique de cookies - Naut Aran Era Reserva - Web tur&iacute;stica Naut Aran\",\"isPartOf\":{\"@id\":\"https:\\\/\\\/test.visitnautaran.com\\\/#website\"},\"datePublished\":\"2023-04-25T10:25:44+00:00\",\"dateModified\":\"2024-08-27T06:54:17+00:00\",\"breadcrumb\":{\"@id\":\"https:\\\/\\\/test.visitnautaran.com\\\/fr\\\/politica-de-cookies-2\\\/#breadcrumb\"},\"inLanguage\":\"fr-FR\",\"potentialAction\":[{\"@type\":\"ReadAction\",\"target\":[\"https:\\\/\\\/test.visitnautaran.com\\\/fr\\\/politica-de-cookies-2\\\/\"]}]},{\"@type\":\"BreadcrumbList\",\"@id\":\"https:\\\/\\\/test.visitnautaran.com\\\/fr\\\/politica-de-cookies-2\\\/#breadcrumb\",\"itemListElement\":[{\"@type\":\"ListItem\",\"position\":1,\"name\":\"Inicio\",\"item\":\"https:\\\/\\\/test.visitnautaran.com\\\/fr\\\/\"},{\"@type\":\"ListItem\",\"position\":2,\"name\":\"Politique de cookies\"}]},{\"@type\":\"WebSite\",\"@id\":\"https:\\\/\\\/test.visitnautaran.com\\\/#website\",\"url\":\"https:\\\/\\\/test.visitnautaran.com\\\/\",\"name\":\"Naut Aran Era Reserva - Web tur&iacute;stica Naut Aran\",\"description\":\"Naut Aran Era Reserva\",\"potentialAction\":[{\"@type\":\"SearchAction\",\"target\":{\"@type\":\"EntryPoint\",\"urlTemplate\":\"https:\\\/\\\/test.visitnautaran.com\\\/?s={search_term_string}\"},\"query-input\":{\"@type\":\"PropertyValueSpecification\",\"valueRequired\":true,\"valueName\":\"search_term_string\"}}],\"inLanguage\":\"fr-FR\"}]}<\/script>\n<!-- \/ Yoast SEO plugin. -->","yoast_head_json":{"title":"Politique de cookies - Naut Aran Era Reserva - Web tur&iacute;stica Naut Aran","robots":{"index":"noindex","follow":"follow","max-snippet":"max-snippet:-1","max-image-preview":"max-image-preview:large","max-video-preview":"max-video-preview:-1"},"og_locale":"fr_FR","og_type":"article","og_title":"Politique de cookies - Naut Aran Era Reserva - Web tur&iacute;stica Naut Aran","og_description":"Avis sur les cookies Nous utilisons nos propres cookies et ceux de tiers pour analyser nos services et vous montrer des publicit\u00e9s li\u00e9es aux pr\u00e9f\u00e9rences de l'utilisateur en fonction d'un profil cr\u00e9\u00e9 \u00e0 partir de vos habitudes de navigation. Politique de cookies Nous vous informons que sur le site https:\/\/test.visitnautaran.com\/fr, le syst\u00e8me de navigation utilise [&hellip;]","og_site_name":"Naut Aran Era Reserva - Web tur&iacute;stica Naut Aran","article_modified_time":"2024-08-27T06:54:17+00:00","twitter_card":"summary_large_image","twitter_misc":{"Dur\u00e9e de lecture estim\u00e9e":"4 minutes"},"schema":{"@context":"https:\/\/schema.org","@graph":[{"@type":"WebPage","@id":"https:\/\/test.visitnautaran.com\/fr\/politica-de-cookies-2\/","url":"https:\/\/test.visitnautaran.com\/fr\/politica-de-cookies-2\/","name":"Politique de cookies - Naut Aran Era Reserva - Web tur&iacute;stica Naut Aran","isPartOf":{"@id":"https:\/\/test.visitnautaran.com\/#website"},"datePublished":"2023-04-25T10:25:44+00:00","dateModified":"2024-08-27T06:54:17+00:00","breadcrumb":{"@id":"https:\/\/test.visitnautaran.com\/fr\/politica-de-cookies-2\/#breadcrumb"},"inLanguage":"fr-FR","potentialAction":[{"@type":"ReadAction","target":["https:\/\/test.visitnautaran.com\/fr\/politica-de-cookies-2\/"]}]},{"@type":"BreadcrumbList","@id":"https:\/\/test.visitnautaran.com\/fr\/politica-de-cookies-2\/#breadcrumb","itemListElement":[{"@type":"ListItem","position":1,"name":"Inicio","item":"https:\/\/test.visitnautaran.com\/fr\/"},{"@type":"ListItem","position":2,"name":"Politique de cookies"}]},{"@type":"WebSite","@id":"https:\/\/test.visitnautaran.com\/#website","url":"https:\/\/test.visitnautaran.com\/","name":"Naut Aran Era Reserva - Web tur&iacute;stica Naut Aran","description":"Naut Aran Era Reserva","potentialAction":[{"@type":"SearchAction","target":{"@type":"EntryPoint","urlTemplate":"https:\/\/test.visitnautaran.com\/?s={search_term_string}"},"query-input":{"@type":"PropertyValueSpecification","valueRequired":true,"valueName":"search_term_string"}}],"inLanguage":"fr-FR"}]}},"_links":{"self":[{"href":"https:\/\/test.visitnautaran.com\/fr\/wp-json\/wp\/v2\/pages\/62033","targetHints":{"allow":["GET"]}}],"collection":[{"href":"https:\/\/test.visitnautaran.com\/fr\/wp-json\/wp\/v2\/pages"}],"about":[{"href":"https:\/\/test.visitnautaran.com\/fr\/wp-json\/wp\/v2\/types\/page"}],"author":[{"embeddable":true,"href":"https:\/\/test.visitnautaran.com\/fr\/wp-json\/wp\/v2\/users\/3"}],"replies":[{"embeddable":true,"href":"https:\/\/test.visitnautaran.com\/fr\/wp-json\/wp\/v2\/comments?post=62033"}],"version-history":[{"count":4,"href":"https:\/\/test.visitnautaran.com\/fr\/wp-json\/wp\/v2\/pages\/62033\/revisions"}],"predecessor-version":[{"id":62047,"href":"https:\/\/test.visitnautaran.com\/fr\/wp-json\/wp\/v2\/pages\/62033\/revisions\/62047"}],"wp:attachment":[{"href":"https:\/\/test.visitnautaran.com\/fr\/wp-json\/wp\/v2\/media?parent=62033"}],"curies":[{"name":"wp","href":"https:\/\/api.w.org\/{rel}","templated":true}]}}