{"id":62058,"date":"2016-11-14T11:41:17","date_gmt":"2016-11-14T11:41:17","guid":{"rendered":"https:\/\/test.visitnautaran.com\/politica-de-privacidad\/"},"modified":"2024-08-27T09:08:00","modified_gmt":"2024-08-27T07:08:00","slug":"politica-de-privacidad","status":"publish","type":"page","link":"https:\/\/test.visitnautaran.com\/en\/politica-de-privacidad\/","title":{"rendered":"Privacy Policy"},"content":{"rendered":"<p>[et_pb_section fb_built=&#8221;1&#8243; _builder_version=&#8221;4.16&#8243; global_colors_info=&#8221;{}&#8221;][et_pb_row _builder_version=&#8221;4.16&#8243; background_size=&#8221;initial&#8221; background_position=&#8221;top_left&#8221; background_repeat=&#8221;repeat&#8221; global_colors_info=&#8221;{}&#8221;][et_pb_column type=&#8221;4_4&#8243; _builder_version=&#8221;4.16&#8243; custom_padding=&#8221;|||&#8221; global_colors_info=&#8221;{}&#8221; custom_padding__hover=&#8221;|||&#8221;][et_pb_text _builder_version=&#8221;4.21.0&#8243; background_size=&#8221;initial&#8221; background_position=&#8221;top_left&#8221; background_repeat=&#8221;repeat&#8221; global_colors_info=&#8221;{}&#8221;]<\/p>\n<p><strong>SOCIAL NETWORKS<\/strong><\/p>\n<p>The user must have their profile on social networks to be able to interact with <strong>AJUNTAMENT NAUT ARAN<\/strong> and accept the relationship with our social network. If this is executed, <strong>AJUNTAMENT NAUT ARAN<\/strong> will have access to the user&#8217;s profile in accordance with the parameters stipulated by the social network itself and will be able to interact with it by sending messages, publications, participating in contests and raffles. If the user does not want <strong>AJUNTAMENT NAUT ARAN<\/strong> to be able to access their profile or interact with it, it will be necessary to disassociate from the profile by stopping following or eliminating the user as a friend, follower or user.<\/p>\n<p>The actions carried out by <strong>AJUNTAMENT NAUT ARAN<\/strong> may have an informative and\/or advertising nature for its services or products, considering that the social network is an advertising medium, under the responsibility of <strong>AJUNTAMENT NAUT ARAN<\/strong> regarding the publications and communications made by them. online media.<\/p>\n<p>The participation of users in contests, promotions or raffles will imply that the user accepts the legal bases of this contest, promotion or raffle that will be published on the reference social network at the appropriate time and with their participation it will imply that the user has accepted the themselves.<\/p>\n<p>Users are reminded that the publications they make on social networks will be under their responsibility and it will be necessary for them to respect the legislation and the rights of third parties that may affect with special relevance the rights of intellectual property, data protection and privacy. own image of third parties, as well as the rules of the social networks themselves that appear in the following links:<\/p>\n<p>Facebook: https:\/\/www.facebook.com\/legal\/terms<br \/>Instagram: https:\/\/help.instagram.com\/<br \/>Twitter: https:\/\/twitter.com\/es\/tos<\/p>\n<p><strong>PROTECTION OF PERSONAL DATA<\/strong><\/p>\n<p>Under the personal data protection regulations, you hereby authorize that the personal data provided will be processed under the responsibility of <strong>AJUNTAMENT NAUT ARAN<\/strong> and domiciled at <strong>AJUNTAMENT NAUT ARAN<\/strong>.<\/p>\n<ul>\n<li>Contact form Your data will be processed in order to respond to your request, this being the cause that legitimizes the treatment. These will be kept until you express your desire to unsubscribe, and they will not be transmitted to third parties.<\/li>\n<li>If they are processed on our social networks, as detailed above, these will be processed for the purpose of managing the information and data obtained from the interaction of social network users with these profiles\/page. These data are processed according to the legitimate interest of this company and will be kept as long as the legitimate interest that allowed their processing is maintained.<\/li>\n<li>If they are captured through the use of the analytical cookies that you have previously accepted when accessing our website, they will be used for the analysis purposes specified in the cookie policy of our website. Your data will be transferred internationally with the United States and retained for the period necessary for the purpose detailed in our cookie policy.<\/li>\n<\/ul>\n<p>In any case, you may indicate the revocation of the consent given, if this was the basis that legitimized the treatment or exercise the provided rights:<\/p>\n<ul>\n<li>Access: The interested party has the right to know if the controller processes his or her personal data and, if so, he or she has the right to access this data, as well as to obtain information regarding the processing carried out.<\/li>\n<li>Rectification: It is linked to the inaccuracy or incompleteness of the data. The interested party has the right to rectify inaccurate personal data and have incomplete personal data completed.<\/li>\n<li>Deletion: The interested party has the right to obtain the deletion of his personal data (&#8220;right to be forgotten&#8221;), when these are no longer necessary for the purpose for which they were collected, the consent on which the treatment was based is revoked, the interested party objects to the processing, the data have been processed unlawfully, have to be deleted to comply with a legal obligation or have been obtained in relation to the offer of information society services aimed at minors.<\/li>\n<li>Limitation of processing: it is the right of the interested party to mark their stored personal data in order to limit processing in the future. The limitation of processing means that, at the request of the interested party, their indicated personal data is no longer processed.<\/li>\n<li>Opposition: the interested party has the right to oppose the processing of their data when it is based on some specific assumptions and a reason related to their personal situation is invoked.<\/li>\n<li>Data portability: the interested party has the right to receive his\/her personal data provided to the controller in a structured, commonly used and machine-readable format, if it is based on consent or a contract or when the processing is carried out by means automated.<\/li>\n<li>Not to be subject to automated individual decisions: The interested party has the right not to be subject to a decision based on the automated processing of his or her data, including profiling that produces legal effects on him or her or that negatively affects him or her.<\/li>\n<\/ul>\n<p>These requests must be made in c. <strong>Balmes, no. 2, 25598 SALARD\u00da (VALL D\u2019ARAN)<\/strong> or at info@nautaran.org<\/p>\n<p>Likewise, you can also file a claim with the Catalan Data Protection Authority, or contact our Data Protection Delegate at secretaria@nautaran.org<\/p>\n<p><strong>INDUSTRIAL AND INTELLECTUAL PROPERTY<\/strong><\/p>\n<p>This website is property of <strong>AJUNTAMENT NAUT ARAN<\/strong>. The intellectual property rights and rights of exploitation and reproduction of this website, its pages, its presence on social networks, screens, the information they contain, its appearance, its design, as well as the links (hyperlinks) established from it to others. Web pages of any affiliated center or dependent organization are its exclusive property unless otherwise expressly established.<\/p>\n<p>All names, designs and\/or logos, as well as any products or services offered and reflected on this website, are trademarks duly registered by <strong>AJUNTAMENT NAUT ARAN<\/strong> by its subsidiaries and\/or designated by third parties.<\/p>\n<p>Any improper use of the same by persons other than its legitimate owner and without the express and unequivocal consent of the latter may be reported and prosecuted through all legal means existing in the Spanish and\/or community legal system.<\/p>\n<p>The intellectual property rights and trademarks of third parties are conveniently highlighted and must be respected by everyone who accesses this page, and the use that the user may carry out in this regard is not the responsibility of <strong>AJUNTAMENT NAUT ARAN<\/strong>, being the sole responsibility on his person.<\/p>\n<p>Only for personal and private use it is permitted to download the contents, copy or print any page of this website and social networks. It is prohibited to reproduce, transmit, modify or delete the information contained or warnings on this website without the prior written authorization of <strong>AJUNTAMENT NAUT ARAN.<\/strong><\/p>\n<p><strong>AJUNTAMENT NAUT ARAN<\/strong> does not transfer ownership of its software to users. The user is the owner of the media on which the software is recorded. <strong>AJUNTAMENT NAUT ARAN<\/strong> owns all industrial and intellectual property rights, including the software. If the user transfers software from this website to his terminal, he will not be able to dissect by study and decompile, translate the original object code version or its language or other code or language.<\/p>\n<p><strong>APPLICABLE LAW AND JURISDICTION<\/strong><\/p>\n<p>These general conditions are governed by Spanish Legislation, with the Spanish Courts and Tribunals being competent to hear any questions that may arise regarding their interpretation, application and compliance. The user, by virtue of his acceptance of the general conditions included in this legal notice and whenever this submission is possible, expressly renounces any jurisdiction that, by application of the current Civil Procedure Law, may correspond to him.<\/p>\n<p>[\/et_pb_text][\/et_pb_column][\/et_pb_row][\/et_pb_section]<\/p>\n","protected":false},"excerpt":{"rendered":"<p>SOCIAL NETWORKS The user must have their profile on social networks to be able to interact with AJUNTAMENT NAUT ARAN and accept the relationship with our social network. If this is executed, AJUNTAMENT NAUT ARAN will have access to the user&#8217;s profile in accordance with the parameters stipulated by the social network itself and will [&hellip;]<\/p>\n","protected":false},"author":3,"featured_media":0,"parent":0,"menu_order":0,"comment_status":"closed","ping_status":"closed","template":"","meta":{"_acf_changed":false,"_et_pb_use_builder":"on","_et_pb_old_content":"<h3>Identidad y direcci\u00f3n del responsable del fichero donde se encuentran sus datos<\/h3><p class=\"ng-binding\">En virtud de la Ley Org\u00e1nica 15\/1999, de 13 de diciembre, Protecci\u00f3n de Datos de Car\u00e1cter Personal, con domicilio social en (de ahora en adelante el Responsable del Fichero), le informa que al introducir sus datos a trav\u00e9s de los formularios electr\u00f3nicos de nuestra web nos suministrar\u00e1 determinados datos de car\u00e1cter personal que se tratar\u00e1n de forma automatizada e incorporar\u00e1n a los correspondientes ficheros de los que es titular y Responsable.<\/p><h3>Finalidad del tratamiento de sus datos<\/h3><p class=\"ng-binding\">La recogida y tratamiento automatizado de sus datos personales tiene como finalidad hacerle participar en los concursos y promociones que ofrecemos a trav\u00e9s de nuestra web as\u00ed como recibir nuestro Newsletter si as\u00ed lo desea. Por la presente, usted consiente el tratamiento de sus datos con el fin de ser utilizados para el env\u00edo de promociones publicitarias y prospecci\u00f3n comercial a trav\u00e9s de cualquier medio, incluyendo por v\u00eda electr\u00f3nica, por la empresa y otras relacionadas con los sectores de las telecomunicaciones, financiero, ocio, formaci\u00f3n, gran consumo, automoci\u00f3n y energ\u00eda.<\/p><h3>Derechos de acceso, rectificaci\u00f3n y cancelaci\u00f3n<\/h3><p class=\"ng-binding\">En todo momento podr\u00e1 ejercitar su derecho de acceso, rectificaci\u00f3n, cancelaci\u00f3n y oposici\u00f3n enviando su solicitud escrita y firmada dirigida al Departamento Legal de acompa\u00f1ando fotocopia de su DNI a la direcci\u00f3n postal arriba indicada o bien a la siguiente direcci\u00f3n de correo electr\u00f3nico . Asimismo, en cualquier momento podr\u00e1 revocar el consentimiento arriba prestado para la cesi\u00f3n de sus datos personales y la recepci\u00f3n de comunicaciones comerciales enviando una comunicaci\u00f3n en este sentido a la direcci\u00f3n de correo electr\u00f3nico indicando la palabra \u201cBaja\u201d en el asunto a la direcci\u00f3n de correo electr\u00f3nico arriba referenciada.<\/p><h3>Cesi\u00f3n<\/h3><p class=\"ng-binding\">Si usted es premiado en alguno de nuestros concursos o promociones, autoriza la publicaci\u00f3n de sus datos personales en nuestra Web y en los perfiles sociales de de Facebook, Youtube, Twitter, Instagram, Google y Pinterest a efectos de anunciar quien ha sido la persona ganadora. Asimismo, usted consiente la comunicaci\u00f3n de sus datos a proveedores externos de relacionados con los sectores de las telecomunicaciones, financiero, ocio, formaci\u00f3n, gran consumo, automoci\u00f3n y energ\u00eda, a fin de ser utilizados para el env\u00edo de promociones publicitarias y prospecci\u00f3n comercial.<\/p>","_et_gb_content_width":"","footnotes":""},"class_list":["post-62058","page","type-page","status-publish","hentry"],"acf":[],"yoast_head":"<!-- This site is optimized with the Yoast SEO plugin v27.4 - https:\/\/yoast.com\/product\/yoast-seo-wordpress\/ -->\n<title>Privacy Policy - Naut Aran Era Reserva - Web tur&iacute;stica Naut Aran<\/title>\n<meta name=\"robots\" content=\"noindex, follow, max-snippet:-1, max-image-preview:large, max-video-preview:-1\" \/>\n<meta property=\"og:locale\" content=\"en_US\" \/>\n<meta property=\"og:type\" content=\"article\" \/>\n<meta property=\"og:title\" content=\"Privacy Policy - Naut Aran Era Reserva - Web tur&iacute;stica Naut Aran\" \/>\n<meta property=\"og:description\" content=\"SOCIAL NETWORKS The user must have their profile on social networks to be able to interact with AJUNTAMENT NAUT ARAN and accept the relationship with our social network. If this is executed, AJUNTAMENT NAUT ARAN will have access to the user&#039;s profile in accordance with the parameters stipulated by the social network itself and will [&hellip;]\" \/>\n<meta property=\"og:site_name\" content=\"Naut Aran Era Reserva - Web tur&iacute;stica Naut Aran\" \/>\n<meta property=\"article:modified_time\" content=\"2024-08-27T07:08:00+00:00\" \/>\n<meta name=\"twitter:card\" content=\"summary_large_image\" \/>\n<meta name=\"twitter:label1\" content=\"Est. reading time\" \/>\n\t<meta name=\"twitter:data1\" content=\"6 minutes\" \/>\n<script type=\"application\/ld+json\" class=\"yoast-schema-graph\">{\"@context\":\"https:\\\/\\\/schema.org\",\"@graph\":[{\"@type\":\"WebPage\",\"@id\":\"https:\\\/\\\/test.visitnautaran.com\\\/en\\\/politica-de-privacidad\\\/\",\"url\":\"https:\\\/\\\/test.visitnautaran.com\\\/en\\\/politica-de-privacidad\\\/\",\"name\":\"Privacy Policy - Naut Aran Era Reserva - Web tur&iacute;stica Naut Aran\",\"isPartOf\":{\"@id\":\"https:\\\/\\\/test.visitnautaran.com\\\/#website\"},\"datePublished\":\"2016-11-14T11:41:17+00:00\",\"dateModified\":\"2024-08-27T07:08:00+00:00\",\"breadcrumb\":{\"@id\":\"https:\\\/\\\/test.visitnautaran.com\\\/en\\\/politica-de-privacidad\\\/#breadcrumb\"},\"inLanguage\":\"en-US\",\"potentialAction\":[{\"@type\":\"ReadAction\",\"target\":[\"https:\\\/\\\/test.visitnautaran.com\\\/en\\\/politica-de-privacidad\\\/\"]}]},{\"@type\":\"BreadcrumbList\",\"@id\":\"https:\\\/\\\/test.visitnautaran.com\\\/en\\\/politica-de-privacidad\\\/#breadcrumb\",\"itemListElement\":[{\"@type\":\"ListItem\",\"position\":1,\"name\":\"Inicio\",\"item\":\"https:\\\/\\\/test.visitnautaran.com\\\/en\\\/\"},{\"@type\":\"ListItem\",\"position\":2,\"name\":\"Privacy Policy\"}]},{\"@type\":\"WebSite\",\"@id\":\"https:\\\/\\\/test.visitnautaran.com\\\/#website\",\"url\":\"https:\\\/\\\/test.visitnautaran.com\\\/\",\"name\":\"Naut Aran Era Reserva - Web tur&iacute;stica Naut Aran\",\"description\":\"Naut Aran Era Reserva\",\"potentialAction\":[{\"@type\":\"SearchAction\",\"target\":{\"@type\":\"EntryPoint\",\"urlTemplate\":\"https:\\\/\\\/test.visitnautaran.com\\\/?s={search_term_string}\"},\"query-input\":{\"@type\":\"PropertyValueSpecification\",\"valueRequired\":true,\"valueName\":\"search_term_string\"}}],\"inLanguage\":\"en-US\"}]}<\/script>\n<!-- \/ Yoast SEO plugin. -->","yoast_head_json":{"title":"Privacy Policy - Naut Aran Era Reserva - Web tur&iacute;stica Naut Aran","robots":{"index":"noindex","follow":"follow","max-snippet":"max-snippet:-1","max-image-preview":"max-image-preview:large","max-video-preview":"max-video-preview:-1"},"og_locale":"en_US","og_type":"article","og_title":"Privacy Policy - Naut Aran Era Reserva - Web tur&iacute;stica Naut Aran","og_description":"SOCIAL NETWORKS The user must have their profile on social networks to be able to interact with AJUNTAMENT NAUT ARAN and accept the relationship with our social network. If this is executed, AJUNTAMENT NAUT ARAN will have access to the user's profile in accordance with the parameters stipulated by the social network itself and will [&hellip;]","og_site_name":"Naut Aran Era Reserva - Web tur&iacute;stica Naut Aran","article_modified_time":"2024-08-27T07:08:00+00:00","twitter_card":"summary_large_image","twitter_misc":{"Est. reading time":"6 minutes"},"schema":{"@context":"https:\/\/schema.org","@graph":[{"@type":"WebPage","@id":"https:\/\/test.visitnautaran.com\/en\/politica-de-privacidad\/","url":"https:\/\/test.visitnautaran.com\/en\/politica-de-privacidad\/","name":"Privacy Policy - Naut Aran Era Reserva - Web tur&iacute;stica Naut Aran","isPartOf":{"@id":"https:\/\/test.visitnautaran.com\/#website"},"datePublished":"2016-11-14T11:41:17+00:00","dateModified":"2024-08-27T07:08:00+00:00","breadcrumb":{"@id":"https:\/\/test.visitnautaran.com\/en\/politica-de-privacidad\/#breadcrumb"},"inLanguage":"en-US","potentialAction":[{"@type":"ReadAction","target":["https:\/\/test.visitnautaran.com\/en\/politica-de-privacidad\/"]}]},{"@type":"BreadcrumbList","@id":"https:\/\/test.visitnautaran.com\/en\/politica-de-privacidad\/#breadcrumb","itemListElement":[{"@type":"ListItem","position":1,"name":"Inicio","item":"https:\/\/test.visitnautaran.com\/en\/"},{"@type":"ListItem","position":2,"name":"Privacy Policy"}]},{"@type":"WebSite","@id":"https:\/\/test.visitnautaran.com\/#website","url":"https:\/\/test.visitnautaran.com\/","name":"Naut Aran Era Reserva - Web tur&iacute;stica Naut Aran","description":"Naut Aran Era Reserva","potentialAction":[{"@type":"SearchAction","target":{"@type":"EntryPoint","urlTemplate":"https:\/\/test.visitnautaran.com\/?s={search_term_string}"},"query-input":{"@type":"PropertyValueSpecification","valueRequired":true,"valueName":"search_term_string"}}],"inLanguage":"en-US"}]}},"_links":{"self":[{"href":"https:\/\/test.visitnautaran.com\/en\/wp-json\/wp\/v2\/pages\/62058","targetHints":{"allow":["GET"]}}],"collection":[{"href":"https:\/\/test.visitnautaran.com\/en\/wp-json\/wp\/v2\/pages"}],"about":[{"href":"https:\/\/test.visitnautaran.com\/en\/wp-json\/wp\/v2\/types\/page"}],"author":[{"embeddable":true,"href":"https:\/\/test.visitnautaran.com\/en\/wp-json\/wp\/v2\/users\/3"}],"replies":[{"embeddable":true,"href":"https:\/\/test.visitnautaran.com\/en\/wp-json\/wp\/v2\/comments?post=62058"}],"version-history":[{"count":4,"href":"https:\/\/test.visitnautaran.com\/en\/wp-json\/wp\/v2\/pages\/62058\/revisions"}],"predecessor-version":[{"id":62070,"href":"https:\/\/test.visitnautaran.com\/en\/wp-json\/wp\/v2\/pages\/62058\/revisions\/62070"}],"wp:attachment":[{"href":"https:\/\/test.visitnautaran.com\/en\/wp-json\/wp\/v2\/media?parent=62058"}],"curies":[{"name":"wp","href":"https:\/\/api.w.org\/{rel}","templated":true}]}}