{"id":62031,"date":"2023-04-25T12:25:44","date_gmt":"2023-04-25T10:25:44","guid":{"rendered":"https:\/\/test.visitnautaran.com\/politica-de-cookies-2\/"},"modified":"2024-08-27T08:54:43","modified_gmt":"2024-08-27T06:54:43","slug":"politica-de-cookies-2","status":"publish","type":"page","link":"https:\/\/test.visitnautaran.com\/en\/politica-de-cookies-2\/","title":{"rendered":"Cookie notice"},"content":{"rendered":"<p>[et_pb_section fb_built=&#8221;1&#8243; _builder_version=&#8221;4.16&#8243; global_colors_info=&#8221;{}&#8221;][et_pb_row _builder_version=&#8221;4.16&#8243; background_size=&#8221;initial&#8221; background_position=&#8221;top_left&#8221; background_repeat=&#8221;repeat&#8221; global_colors_info=&#8221;{}&#8221;][et_pb_column type=&#8221;4_4&#8243; _builder_version=&#8221;4.16&#8243; custom_padding=&#8221;|||&#8221; global_colors_info=&#8221;{}&#8221; custom_padding__hover=&#8221;|||&#8221;][et_pb_text _builder_version=&#8221;4.21.0&#8243; _module_preset=&#8221;default&#8221; hover_enabled=&#8221;0&#8243; global_colors_info=&#8221;{}&#8221; sticky_enabled=&#8221;0&#8243;]<\/p>\n<p><strong>Cookie notice<\/strong><\/p>\n<p>We use our own and third-party cookies to analyze our services and show you advertising related to user preferences based on a profile created from your browsing habits.<\/p>\n<p><strong>Cookies policy<\/strong><\/p>\n<p>We inform you that on the website <a href=\"https:\/\/test.visitnautaran.com\/en\">https:\/\/test.visitnautaran.com\/en<\/a>, the navigation system uses some navigation data (\u201cCookies\u201d) to be able to offer a more personalized service to website users.<\/p>\n<p>\u201cCookies\u201d are small text files that the browser saves when you browse web pages and applications. In general, these technologies can serve very different purposes, such as, for example, recognizing you as a user, obtaining information about your browsing habits or personalizing the way in which content is displayed.<\/p>\n<p><strong>AJUNTAMENT NAUT ARAN<\/strong> uses third-party \u201ccookies\u201d on its website:<\/p>\n<p>Analysis cookies: These are processed by third parties and allow us to quantify the number of users and thus carry out the measurement and statistical analysis of the use made by users of the service offered. To do this, your browsing on our website is analyzed in order to improve the offer of products or services. The third party is Google Analytics, which is a web page statistics service offered by Google Inc. Google Analytics collects information from the user&#8217;s computer to obtain reports on the activity of the application and stores the information collected by the &#8220;cookies&#8221; on servers. the United States, there being an international transfer of data, and therefore, accepting it by accepting these cookies.<br \/>Behavioral advertising cookies: these are those, processed by third parties, that allow us to analyze your Internet browsing habits in order to show advertising with your browsing profile. The service is provided by Google Inc.<\/p>\n<p>In any case, in the event that personal data is captured &#8211; in this case only the access IP; We inform you that these will be treated under the responsibility of <strong>AJUNTAMENT NAUT ARAN.<\/strong><\/p>\n<p>The purpose of this treatment is the management and control of the social networks available, as well as the users who interact on the website and the information obtained, with your consent being the basis for legitimation of this treatment. These data will be transmitted to the cookie management companies and will be kept in accordance with the parameters stipulated by these companies. These data will be transferred to third countries, and you can obtain more information about this in Google&#8217;s own policy: <a href=\"https:\/\/policies.google.com\/privacy?hl=es\">https:\/\/policies.google.com\/privacy?hl=es<\/a><\/p>\n<p>Conforme lo dispuesto en la normativa de protecci\u00f3n de datos, le informamos que puede revocar estas autorizaciones a trav\u00e9s de su propio navegador o ejercitar los derechos de acceso, rectificaci\u00f3n o supresi\u00f3n, la limitaci\u00f3n del tratamiento u oponerse, as\u00ed como el derecho a la portabilidad de los datos se puede dirigir en:\u00a0<strong>AJUNTAMENT NAUT ARAN<\/strong>, c.\u00a0<strong>Balmes, n. 2, 25598 \u2013 SALARD\u00da (Vall d\u2019Aran)<\/strong>\u00a0o bien, enviar un correo electr\u00f3nico a:\u00a0<a href=\"mailto:info@nautaran.org\">info@nautaran.org<\/a><\/p>\n<p>Likewise, you can file a claim with the Catalan Data Protection Authority or contact the Data Protection Delegate at secretaria@nautaran.org<\/p>\n<p>The user is informed that Google may transmit this information to third parties when required by law, or when these third parties process the information on behalf of Google. Google will not associate the user&#8217;s IP address with other data they have, and therefore, they will do so in a completely anonymized manner.<\/p>\n<p>To refuse or delete this \u201ccookie\u201d you can consult the following address:<\/p>\n<p><a href=\"http:\/\/www.google.com\/intl\/ca\/policies\/privacy\/\">http:\/\/www.google.com\/intl\/ca\/policies\/privacy\/<\/a><\/p>\n<p><a href=\"http:\/\/www.google.com\/intl\/en\/privacypolicy.html\">http:\/\/www.google.com\/intl\/en\/privacypolicy.html<\/a><\/p>\n<p><strong>DEACTIVATION AND BLOCKING OF COOKIES<\/strong><\/p>\n<p>In any case, the user can enable the option of their own navigation system to not allow the installation of cookies; Without in any case<strong> AJUNTAMENT NAUT ARAN<\/strong> can be responsible if the disabling of Cookies means that some of the services offered by this website do not work correctly.<\/p>\n<p>In the following links, you can find instructions that will help you configure the settings of the main most used browsers.<\/p>\n<p>Internet Explorer: <a href=\"https:\/\/support.microsoft.com\/es-es\/help\/17442\/windows-internet-explorer-delete-manage-cookies\">https:\/\/support.microsoft.com\/es-es\/help\/17442\/windows-internet-explorer-delete-manage-cookies<\/a><\/p>\n<p>Microsoft Edge: <a href=\"https:\/\/support.microsoft.com\/es-es\/help\/4027947\/microsoft-edge-delete-cookies\">https:\/\/support.microsoft.com\/es-es\/help\/4027947\/microsoft-edge-delete-cookies<\/a><\/p>\n<p>Google Chrome: <a href=\"https:\/\/support.google.com\/chrome\/answer\/95647?hl=es\">https:\/\/support.google.com\/chrome\/answer\/95647?hl=es<\/a><\/p>\n<p>Mozilla Firefox: <a href=\"http:\/\/support.mozilla.org\/es\/kb\/habilitar-y-deshabilitar-cookies-que-los-sitios-we\">http:\/\/support.mozilla.org\/es\/kb\/habilitar-y-deshabilitar-cookies-que-los-sitios-we<\/a><\/p>\n<p>Safari: <a href=\"http:\/\/support.apple.com\/kb\/ph5042\">http:\/\/support.apple.com\/kb\/ph5042<\/a><\/p>\n<p>Safari for IOS (Iphone, iPad): <a href=\"http:\/\/support.apple.com\/kb\/ht1677?viewlocale=es_es&amp;locale=es_es\">http:\/\/support.apple.com\/kb\/ht1677?viewlocale=es_es&amp;locale=es_es<\/a><\/p>\n<p>Chrome for Android: <a href=\"https:\/\/support.google.com\/chrome\/answer\/2392971?hl=es\">https:\/\/support.google.com\/chrome\/answer\/2392971?hl=es<\/a><\/p>\n<p>If you want more information about cookies and how to disable them according to your browsing system, you can consult the following links: <a href=\"http:\/\/www.aboutcookies.org\">www.aboutcookies.org<\/a><\/p>\n<p><a href=\"http:\/\/www.aboutcookies.org\/Default.aspx?page=1\">http:\/\/www.aboutcookies.org\/Default.aspx?page=1<\/a><\/p>\n<p>Otherwise, and having informed<strong> AJUNTAMENT NAUT ARAN<\/strong> of the use of cookies, and without these having been disabled, it implies that the user gives their consent to the processing of data by Google in the manner provided for in this notice and for the purposes described here.<\/p>\n<p>If you have any questions or comments, you can contact <strong>AJUNTAMENT NAUT ARAN<\/strong> through its customer service channels or contact us at: info@nautaran.org<\/p>\n<p>[\/et_pb_text][\/et_pb_column][\/et_pb_row][\/et_pb_section]<\/p>\n","protected":false},"excerpt":{"rendered":"<p>Cookie notice We use our own and third-party cookies to analyze our services and show you advertising related to user preferences based on a profile created from your browsing habits. Cookies policy We inform you that on the website https:\/\/test.visitnautaran.com\/en, the navigation system uses some navigation data (\u201cCookies\u201d) to be able to offer a more [&hellip;]<\/p>\n","protected":false},"author":3,"featured_media":0,"parent":0,"menu_order":0,"comment_status":"closed","ping_status":"closed","template":"","meta":{"_acf_changed":false,"_et_pb_use_builder":"on","_et_pb_old_content":"<p>[cmplz-document type=\"cookie-statement\" region=\"eu\"]<\/p>","_et_gb_content_width":"","footnotes":""},"class_list":["post-62031","page","type-page","status-publish","hentry"],"acf":[],"yoast_head":"<!-- This site is optimized with the Yoast SEO plugin v27.4 - https:\/\/yoast.com\/product\/yoast-seo-wordpress\/ -->\n<title>Cookie notice - Naut Aran Era Reserva - Web tur&iacute;stica Naut Aran<\/title>\n<meta name=\"robots\" content=\"noindex, follow, max-snippet:-1, max-image-preview:large, max-video-preview:-1\" \/>\n<meta property=\"og:locale\" content=\"en_US\" \/>\n<meta property=\"og:type\" content=\"article\" \/>\n<meta property=\"og:title\" content=\"Cookie notice - Naut Aran Era Reserva - Web tur&iacute;stica Naut Aran\" \/>\n<meta property=\"og:description\" content=\"Cookie notice We use our own and third-party cookies to analyze our services and show you advertising related to user preferences based on a profile created from your browsing habits. Cookies policy We inform you that on the website https:\/\/test.visitnautaran.com\/en, the navigation system uses some navigation data (\u201cCookies\u201d) to be able to offer a more [&hellip;]\" \/>\n<meta property=\"og:site_name\" content=\"Naut Aran Era Reserva - Web tur&iacute;stica Naut Aran\" \/>\n<meta property=\"article:modified_time\" content=\"2024-08-27T06:54:43+00:00\" \/>\n<meta name=\"twitter:card\" content=\"summary_large_image\" \/>\n<meta name=\"twitter:label1\" content=\"Est. reading time\" \/>\n\t<meta name=\"twitter:data1\" content=\"4 minutes\" \/>\n<script type=\"application\/ld+json\" class=\"yoast-schema-graph\">{\"@context\":\"https:\\\/\\\/schema.org\",\"@graph\":[{\"@type\":\"WebPage\",\"@id\":\"https:\\\/\\\/test.visitnautaran.com\\\/en\\\/politica-de-cookies-2\\\/\",\"url\":\"https:\\\/\\\/test.visitnautaran.com\\\/en\\\/politica-de-cookies-2\\\/\",\"name\":\"Cookie notice - Naut Aran Era Reserva - Web tur&iacute;stica Naut Aran\",\"isPartOf\":{\"@id\":\"https:\\\/\\\/test.visitnautaran.com\\\/#website\"},\"datePublished\":\"2023-04-25T10:25:44+00:00\",\"dateModified\":\"2024-08-27T06:54:43+00:00\",\"breadcrumb\":{\"@id\":\"https:\\\/\\\/test.visitnautaran.com\\\/en\\\/politica-de-cookies-2\\\/#breadcrumb\"},\"inLanguage\":\"en-US\",\"potentialAction\":[{\"@type\":\"ReadAction\",\"target\":[\"https:\\\/\\\/test.visitnautaran.com\\\/en\\\/politica-de-cookies-2\\\/\"]}]},{\"@type\":\"BreadcrumbList\",\"@id\":\"https:\\\/\\\/test.visitnautaran.com\\\/en\\\/politica-de-cookies-2\\\/#breadcrumb\",\"itemListElement\":[{\"@type\":\"ListItem\",\"position\":1,\"name\":\"Inicio\",\"item\":\"https:\\\/\\\/test.visitnautaran.com\\\/en\\\/\"},{\"@type\":\"ListItem\",\"position\":2,\"name\":\"Cookie notice\"}]},{\"@type\":\"WebSite\",\"@id\":\"https:\\\/\\\/test.visitnautaran.com\\\/#website\",\"url\":\"https:\\\/\\\/test.visitnautaran.com\\\/\",\"name\":\"Naut Aran Era Reserva - Web tur&iacute;stica Naut Aran\",\"description\":\"Naut Aran Era Reserva\",\"potentialAction\":[{\"@type\":\"SearchAction\",\"target\":{\"@type\":\"EntryPoint\",\"urlTemplate\":\"https:\\\/\\\/test.visitnautaran.com\\\/?s={search_term_string}\"},\"query-input\":{\"@type\":\"PropertyValueSpecification\",\"valueRequired\":true,\"valueName\":\"search_term_string\"}}],\"inLanguage\":\"en-US\"}]}<\/script>\n<!-- \/ Yoast SEO plugin. -->","yoast_head_json":{"title":"Cookie notice - Naut Aran Era Reserva - Web tur&iacute;stica Naut Aran","robots":{"index":"noindex","follow":"follow","max-snippet":"max-snippet:-1","max-image-preview":"max-image-preview:large","max-video-preview":"max-video-preview:-1"},"og_locale":"en_US","og_type":"article","og_title":"Cookie notice - Naut Aran Era Reserva - Web tur&iacute;stica Naut Aran","og_description":"Cookie notice We use our own and third-party cookies to analyze our services and show you advertising related to user preferences based on a profile created from your browsing habits. Cookies policy We inform you that on the website https:\/\/test.visitnautaran.com\/en, the navigation system uses some navigation data (\u201cCookies\u201d) to be able to offer a more [&hellip;]","og_site_name":"Naut Aran Era Reserva - Web tur&iacute;stica Naut Aran","article_modified_time":"2024-08-27T06:54:43+00:00","twitter_card":"summary_large_image","twitter_misc":{"Est. reading time":"4 minutes"},"schema":{"@context":"https:\/\/schema.org","@graph":[{"@type":"WebPage","@id":"https:\/\/test.visitnautaran.com\/en\/politica-de-cookies-2\/","url":"https:\/\/test.visitnautaran.com\/en\/politica-de-cookies-2\/","name":"Cookie notice - Naut Aran Era Reserva - Web tur&iacute;stica Naut Aran","isPartOf":{"@id":"https:\/\/test.visitnautaran.com\/#website"},"datePublished":"2023-04-25T10:25:44+00:00","dateModified":"2024-08-27T06:54:43+00:00","breadcrumb":{"@id":"https:\/\/test.visitnautaran.com\/en\/politica-de-cookies-2\/#breadcrumb"},"inLanguage":"en-US","potentialAction":[{"@type":"ReadAction","target":["https:\/\/test.visitnautaran.com\/en\/politica-de-cookies-2\/"]}]},{"@type":"BreadcrumbList","@id":"https:\/\/test.visitnautaran.com\/en\/politica-de-cookies-2\/#breadcrumb","itemListElement":[{"@type":"ListItem","position":1,"name":"Inicio","item":"https:\/\/test.visitnautaran.com\/en\/"},{"@type":"ListItem","position":2,"name":"Cookie notice"}]},{"@type":"WebSite","@id":"https:\/\/test.visitnautaran.com\/#website","url":"https:\/\/test.visitnautaran.com\/","name":"Naut Aran Era Reserva - Web tur&iacute;stica Naut Aran","description":"Naut Aran Era Reserva","potentialAction":[{"@type":"SearchAction","target":{"@type":"EntryPoint","urlTemplate":"https:\/\/test.visitnautaran.com\/?s={search_term_string}"},"query-input":{"@type":"PropertyValueSpecification","valueRequired":true,"valueName":"search_term_string"}}],"inLanguage":"en-US"}]}},"_links":{"self":[{"href":"https:\/\/test.visitnautaran.com\/en\/wp-json\/wp\/v2\/pages\/62031","targetHints":{"allow":["GET"]}}],"collection":[{"href":"https:\/\/test.visitnautaran.com\/en\/wp-json\/wp\/v2\/pages"}],"about":[{"href":"https:\/\/test.visitnautaran.com\/en\/wp-json\/wp\/v2\/types\/page"}],"author":[{"embeddable":true,"href":"https:\/\/test.visitnautaran.com\/en\/wp-json\/wp\/v2\/users\/3"}],"replies":[{"embeddable":true,"href":"https:\/\/test.visitnautaran.com\/en\/wp-json\/wp\/v2\/comments?post=62031"}],"version-history":[{"count":4,"href":"https:\/\/test.visitnautaran.com\/en\/wp-json\/wp\/v2\/pages\/62031\/revisions"}],"predecessor-version":[{"id":62048,"href":"https:\/\/test.visitnautaran.com\/en\/wp-json\/wp\/v2\/pages\/62031\/revisions\/62048"}],"wp:attachment":[{"href":"https:\/\/test.visitnautaran.com\/en\/wp-json\/wp\/v2\/media?parent=62031"}],"curies":[{"name":"wp","href":"https:\/\/api.w.org\/{rel}","templated":true}]}}