{"id":60485,"date":"2016-11-14T11:40:45","date_gmt":"2016-11-14T11:40:45","guid":{"rendered":"https:\/\/test.visitnautaran.com\/aviso-legal\/"},"modified":"2024-08-27T08:31:08","modified_gmt":"2024-08-27T06:31:08","slug":"aviso-legal","status":"publish","type":"page","link":"https:\/\/test.visitnautaran.com\/en\/aviso-legal\/","title":{"rendered":"Legal Notice"},"content":{"rendered":"<p>[et_pb_section fb_built=&#8221;1&#8243; admin_label=&#8221;section&#8221; _builder_version=&#8221;4.16&#8243; global_colors_info=&#8221;{}&#8221;][et_pb_row admin_label=&#8221;row&#8221; _builder_version=&#8221;4.16&#8243; background_size=&#8221;initial&#8221; background_position=&#8221;top_left&#8221; background_repeat=&#8221;repeat&#8221; global_colors_info=&#8221;{}&#8221;][et_pb_column type=&#8221;4_4&#8243; _builder_version=&#8221;4.16&#8243; custom_padding=&#8221;|||&#8221; global_colors_info=&#8221;{}&#8221; custom_padding__hover=&#8221;|||&#8221;][et_pb_text admin_label=&#8221;Text&#8221; _builder_version=&#8221;4.21.0&#8243; background_size=&#8221;initial&#8221; background_position=&#8221;top_left&#8221; background_repeat=&#8221;repeat&#8221; text_orientation=&#8221;justified&#8221; global_colors_info=&#8221;{}&#8221;]<\/p>\n<p><strong>LSSIYCE LEGAL INFORMATION<\/strong><\/p>\n<p>In accordance with the obligations provided for in Law 34\/2002 on Information Society Services and Electronic Commerce (hereinafter LSSIYCE) <strong>AJUNTAMENT NAUT ARAN<\/strong> with CIF <strong>P-2523300-H<\/strong> and headquarters at c. <strong>Balmes, no. 2, 25598 SALARD\u00da (VALL D\u2019ARAN)<\/strong> and email info@nautaran.org states that they are its property:<\/p>\n<p>\u2013 the domain: <a href=\"https:\/\/test.visitnautaran.com\/en\">https:\/\/test.visitnautaran.com\/en<\/a><\/p>\n<p>\u2013 profiles and page in the following:<\/p>\n<ul>\n<li>Instagram: <a href=\"https:\/\/www.instagram.com\/ajnautaran\/\">https:\/\/www.instagram.com\/ajnautaran\/<\/a><\/li>\n<li>Facebook: <a href=\"https:\/\/www.facebook.com\/people\/Ajuntament-de-Naut Aran\/100068163895462\/\" data-wplink-url-error=\"true\">https:\/\/www.facebook.com\/people\/Ajuntament-de-Naut Aran\/100068163895462\/<\/a><\/li>\n<li>Twitter: <a href=\"https:\/\/x.com\/ajnautaran\">https:\/\/x.com\/ajnautaran<\/a><\/li>\n<\/ul>\n<p>That <strong>AJUNTAMENT NAUT ARAN<\/strong> cannot assume any responsibility derived from the incorrect or illicit use of the information that appears on its web pages or online presence on the various social networks. Within the limits established by law, <strong>AJUNTAMENT NAUT ARAN<\/strong> does not assume any responsibility for the lack of veracity, integrity, updating and precision of the data or information contained in its Internet pages.<\/p>\n<p>The contents and information of the Internet pages and social networks of <strong>AJUNTAMENT NAUT ARAN<\/strong> prepared by professionals duly qualified to practice their profession. However, the contents and information do not bind the aforementioned, nor do they constitute opinions, advice or legal advice of any kind, as it is merely a service offered for informational and informative purposes.<\/p>\n<p>The Internet pages and social networks of <strong>AJUNTAMENT NAUT ARAN<\/strong> may contain links to other third party pages. Therefore, it cannot assume responsibility for the content that may appear on third-party pages. The texts, images, sounds, animations, software and other content included on this website are the exclusive property of <strong>AJUNTAMENT NAUT ARAN<\/strong> or its licensors. Any act of transmission, distribution, transfer, reproduction, storage or total or partial public communication must have the express consent of <strong>AJUNTAMENT NAUT ARAN<\/strong> Any act of transmission, distribution, transfer, reproduction or total or partial public communication must have the express consent of <strong>AJUNTAMENT NAUT ARAN.<\/strong> the express consent of <strong>AJUNTAMENT NAUT ARAN.<\/strong><\/p>\n<p>Likewise, the right is reserved to withdraw access to the portal without prior notice to any user who contravenes the provisions of this legal notice.<\/p>\n<p>[\/et_pb_text][\/et_pb_column][\/et_pb_row][\/et_pb_section]<\/p>\n","protected":false},"excerpt":{"rendered":"<p>LSSIYCE LEGAL INFORMATION In accordance with the obligations provided for in Law 34\/2002 on Information Society Services and Electronic Commerce (hereinafter LSSIYCE) AJUNTAMENT NAUT ARAN with CIF P-2523300-H and headquarters at c. Balmes, no. 2, 25598 SALARD\u00da (VALL D\u2019ARAN) and email info@nautaran.org states that they are its property: \u2013 the domain: https:\/\/test.visitnautaran.com\/en \u2013 profiles and [&hellip;]<\/p>\n","protected":false},"author":3,"featured_media":0,"parent":0,"menu_order":0,"comment_status":"closed","ping_status":"closed","template":"","meta":{"_acf_changed":false,"_et_pb_use_builder":"on","_et_pb_old_content":"<h3>T\u00e9rminos y condiciones del uso mediante este aviso<\/h3>\r\n<p class=\"ng-binding\">informa a los usuarios de la p\u00e1gina web de su pol\u00edtica de protecci\u00f3n de datos de car\u00e1cter personal. La utilizaci\u00f3n del espacio web de y de cualquiera de los servicios que se incorporan presupone la plena aceptaci\u00f3n de las condiciones que se manifiestan en la pol\u00edtica de privacidad que se expone.<\/p>\r\n\r\n<h3>Recogida de datos<\/h3>\r\n<p class=\"ng-binding\">Dando cumplimiento a la Ley 15\/1999, de 13 de diciembre, de protecci\u00f3n de datos de car\u00e1cter personal, se informa que los datos de car\u00e1cter personal que se solicitan en nuestros formularios se incluir\u00e1n en un fichero de datos personales el responsable y titular del cual es . As\u00ed mismo, cuando una persona rellena cualquiera de los formularios con los datos personales que se solicitan y acepta el env\u00edo, autoriza expresamente a a tratar o incorporar en el fichero automatizado de su propiedad los datos personales facilitados en el formulario mencionado y todos los datos que se generen en relaci\u00f3n con su participaci\u00f3n o uso de los diferentes eventos que se ofrecen en esta p\u00e1gina web.<\/p>\r\n<p class=\"ng-binding\">Salvo que espec\u00edficamente se establezca lo contrario, se considerar\u00e1 necesario rellenar todos los campos de cada formulario, para ello el usuario deber\u00e1 rellenar los formularios con datos verdaderos, exactos, completos y actualizados. El usuario ser\u00e1 el \u00fanico responsable de cualquier da\u00f1o o perjuicio, directo y indirecto, que ocasione a o a cualquier tercero por rellenar los formularios con datos falsos, inexactos, incompletos o no actualizados o con datos de terceros. A trav\u00e9s de las diferentes \u00e1reas que forman parte de este espacio web, los usuarios pueden obtener informaci\u00f3n, realizar consultas y participar los diferentes eventos que ofrezca mediante su espacio web.<\/p>\r\n\r\n<h3>Finalidades del tratamiento<\/h3>\r\nLos datos facilitados nunca ser\u00e1n utilizados con una finalidad diferente de aquella para la cual han sido cedidos, y ser\u00e1n cancelados inmediatamente despu\u00e9s de dejar de ser necesarios para esta finalidad, excepto cuando una ley establezca otra cosa.\r\n<p class=\"ng-binding\">Cuando la persona interesada env\u00eda los datos personales y la direcci\u00f3n electr\u00f3nica a , autoriza expresamente la utilizaci\u00f3n a efectos de comunicaciones peri\u00f3dicas, incluyendo expresamente las que se realicen por correo electr\u00f3nico que o las entidades pertenecientes a el \u00e1mbito empresarial de lleven a t\u00e9rmino con los usuarios, y posibles interesados, para informarles de las noticias, eventos, etc...<\/p>\r\n<p class=\"ng-binding\">Al margen de lo que se ha dicho anteriormente, la recogida y el tratamiento automatizado de los datos personales facilitados tienen igualmente como finalidad la gesti\u00f3n administrativa y la ejecuci\u00f3n y el desarrollo de toda actividad profesional propia de y la gesti\u00f3n del usuario en los diferentes servicios puestos a su disposici\u00f3n (a efectos meramente informativos: solicitud de informaci\u00f3n sobre eventos).<\/p>\r\n\r\n<h3>Seguridad<\/h3>\r\n<p class=\"ng-binding\">Toda la informaci\u00f3n relativa a datos de car\u00e1cter personal recibida por es tratada con la m\u00e1xima confidencialidad, y se procede \u00fanicamente a las comunicaciones estrictamente necesarias para la prestaci\u00f3n del servicio que interesa en cada caso y las comunicaciones y cesiones autorizadas por el usuario mediante esta pol\u00edtica de privacidad.<\/p>\r\n<p class=\"ng-binding\">ha adoptado los niveles de seguridad de protecci\u00f3n de datos personales requeridos legalmente y ha instalado los medios y medidas t\u00e9cnicas a su alcance para evitar la p\u00e9rdida, el mal uso, la alteraci\u00f3n de los datos personales facilitados y el acceso no autorizado a estos datos.<\/p>\r\n<p class=\"ng-binding\">El usuario tiene derecho a acceder a la informaci\u00f3n que le concierne recopilada en los ficheros de , rectificarla si es err\u00f3nea, cancelarla o oponerse a su tratamiento, por la v\u00eda del correo electr\u00f3nico a la direcci\u00f3n .<\/p>\r\n\r\n<h3>Cesi\u00f3n de datos<\/h3>\r\n<p class=\"ng-binding\">El usuario acepta que sus datos puedan ser cedidos, exclusivamente para las finalidades descritas anteriormente, a las entidades con las que participa . La aceptaci\u00f3n del usuario que sus datos puedan ser tratados o cedidos de la manera establecida en este par\u00e1grafo tiene siempre el car\u00e1cter de revocable, sin efectos retroactivos, de acuerdo con lo que disponen los art\u00edculos 6 y 11 de la Ley org\u00e1nica 15\/1999, de 13 de diciembre.<\/p>\r\n\r\n<h3>Modificaci\u00f3n de esta pol\u00edtica de privacidad<\/h3>\r\n<p class=\"ng-binding\">se reserva el derecho de modificar su pol\u00edtica de protecci\u00f3n de datos de acuerdo con su criterio, o a causa de un cambio legislativo, jurisprudencial o en la pr\u00e1ctica empresarial. Si , introduce alguna modificaci\u00f3n, el nuevo texto ser\u00e1 publicado en esta misma p\u00e1gina, donde el usuario podr\u00e1 tener conocimiento de la pol\u00edtica de protecci\u00f3n de datos. Sea como sea, la relaci\u00f3n con los usuarios se regir\u00e1 por las normas previstas en el momento preciso en que se accede al espacio web.<\/p>","_et_gb_content_width":"","footnotes":""},"class_list":["post-60485","page","type-page","status-publish","hentry"],"acf":[],"yoast_head":"<!-- This site is optimized with the Yoast SEO plugin v27.4 - https:\/\/yoast.com\/product\/yoast-seo-wordpress\/ -->\n<title>Legal Notice - Naut Aran Era Reserva - Web tur&iacute;stica Naut Aran<\/title>\n<meta name=\"robots\" content=\"noindex, follow, max-snippet:-1, max-image-preview:large, max-video-preview:-1\" \/>\n<meta property=\"og:locale\" content=\"en_US\" \/>\n<meta property=\"og:type\" content=\"article\" \/>\n<meta property=\"og:title\" content=\"Legal Notice - Naut Aran Era Reserva - Web tur&iacute;stica Naut Aran\" \/>\n<meta property=\"og:description\" content=\"LSSIYCE LEGAL INFORMATION In accordance with the obligations provided for in Law 34\/2002 on Information Society Services and Electronic Commerce (hereinafter LSSIYCE) AJUNTAMENT NAUT ARAN with CIF P-2523300-H and headquarters at c. Balmes, no. 2, 25598 SALARD\u00da (VALL D\u2019ARAN) and email info@nautaran.org states that they are its property: \u2013 the domain: https:\/\/test.visitnautaran.com\/en \u2013 profiles and [&hellip;]\" \/>\n<meta property=\"og:site_name\" content=\"Naut Aran Era Reserva - Web tur&iacute;stica Naut Aran\" \/>\n<meta property=\"article:modified_time\" content=\"2024-08-27T06:31:08+00:00\" \/>\n<meta name=\"twitter:card\" content=\"summary_large_image\" \/>\n<meta name=\"twitter:label1\" content=\"Est. reading time\" \/>\n\t<meta name=\"twitter:data1\" content=\"2 minutes\" \/>\n<script type=\"application\/ld+json\" class=\"yoast-schema-graph\">{\"@context\":\"https:\\\/\\\/schema.org\",\"@graph\":[{\"@type\":\"WebPage\",\"@id\":\"https:\\\/\\\/test.visitnautaran.com\\\/en\\\/aviso-legal\\\/\",\"url\":\"https:\\\/\\\/test.visitnautaran.com\\\/en\\\/aviso-legal\\\/\",\"name\":\"Legal Notice - Naut Aran Era Reserva - Web tur&iacute;stica Naut Aran\",\"isPartOf\":{\"@id\":\"https:\\\/\\\/test.visitnautaran.com\\\/#website\"},\"datePublished\":\"2016-11-14T11:40:45+00:00\",\"dateModified\":\"2024-08-27T06:31:08+00:00\",\"breadcrumb\":{\"@id\":\"https:\\\/\\\/test.visitnautaran.com\\\/en\\\/aviso-legal\\\/#breadcrumb\"},\"inLanguage\":\"en-US\",\"potentialAction\":[{\"@type\":\"ReadAction\",\"target\":[\"https:\\\/\\\/test.visitnautaran.com\\\/en\\\/aviso-legal\\\/\"]}]},{\"@type\":\"BreadcrumbList\",\"@id\":\"https:\\\/\\\/test.visitnautaran.com\\\/en\\\/aviso-legal\\\/#breadcrumb\",\"itemListElement\":[{\"@type\":\"ListItem\",\"position\":1,\"name\":\"Inicio\",\"item\":\"https:\\\/\\\/test.visitnautaran.com\\\/en\\\/\"},{\"@type\":\"ListItem\",\"position\":2,\"name\":\"Legal Notice\"}]},{\"@type\":\"WebSite\",\"@id\":\"https:\\\/\\\/test.visitnautaran.com\\\/#website\",\"url\":\"https:\\\/\\\/test.visitnautaran.com\\\/\",\"name\":\"Naut Aran Era Reserva - Web tur&iacute;stica Naut Aran\",\"description\":\"Naut Aran Era Reserva\",\"potentialAction\":[{\"@type\":\"SearchAction\",\"target\":{\"@type\":\"EntryPoint\",\"urlTemplate\":\"https:\\\/\\\/test.visitnautaran.com\\\/?s={search_term_string}\"},\"query-input\":{\"@type\":\"PropertyValueSpecification\",\"valueRequired\":true,\"valueName\":\"search_term_string\"}}],\"inLanguage\":\"en-US\"}]}<\/script>\n<!-- \/ Yoast SEO plugin. -->","yoast_head_json":{"title":"Legal Notice - Naut Aran Era Reserva - Web tur&iacute;stica Naut Aran","robots":{"index":"noindex","follow":"follow","max-snippet":"max-snippet:-1","max-image-preview":"max-image-preview:large","max-video-preview":"max-video-preview:-1"},"og_locale":"en_US","og_type":"article","og_title":"Legal Notice - Naut Aran Era Reserva - Web tur&iacute;stica Naut Aran","og_description":"LSSIYCE LEGAL INFORMATION In accordance with the obligations provided for in Law 34\/2002 on Information Society Services and Electronic Commerce (hereinafter LSSIYCE) AJUNTAMENT NAUT ARAN with CIF P-2523300-H and headquarters at c. Balmes, no. 2, 25598 SALARD\u00da (VALL D\u2019ARAN) and email info@nautaran.org states that they are its property: \u2013 the domain: https:\/\/test.visitnautaran.com\/en \u2013 profiles and [&hellip;]","og_site_name":"Naut Aran Era Reserva - Web tur&iacute;stica Naut Aran","article_modified_time":"2024-08-27T06:31:08+00:00","twitter_card":"summary_large_image","twitter_misc":{"Est. reading time":"2 minutes"},"schema":{"@context":"https:\/\/schema.org","@graph":[{"@type":"WebPage","@id":"https:\/\/test.visitnautaran.com\/en\/aviso-legal\/","url":"https:\/\/test.visitnautaran.com\/en\/aviso-legal\/","name":"Legal Notice - Naut Aran Era Reserva - Web tur&iacute;stica Naut Aran","isPartOf":{"@id":"https:\/\/test.visitnautaran.com\/#website"},"datePublished":"2016-11-14T11:40:45+00:00","dateModified":"2024-08-27T06:31:08+00:00","breadcrumb":{"@id":"https:\/\/test.visitnautaran.com\/en\/aviso-legal\/#breadcrumb"},"inLanguage":"en-US","potentialAction":[{"@type":"ReadAction","target":["https:\/\/test.visitnautaran.com\/en\/aviso-legal\/"]}]},{"@type":"BreadcrumbList","@id":"https:\/\/test.visitnautaran.com\/en\/aviso-legal\/#breadcrumb","itemListElement":[{"@type":"ListItem","position":1,"name":"Inicio","item":"https:\/\/test.visitnautaran.com\/en\/"},{"@type":"ListItem","position":2,"name":"Legal Notice"}]},{"@type":"WebSite","@id":"https:\/\/test.visitnautaran.com\/#website","url":"https:\/\/test.visitnautaran.com\/","name":"Naut Aran Era Reserva - Web tur&iacute;stica Naut Aran","description":"Naut Aran Era Reserva","potentialAction":[{"@type":"SearchAction","target":{"@type":"EntryPoint","urlTemplate":"https:\/\/test.visitnautaran.com\/?s={search_term_string}"},"query-input":{"@type":"PropertyValueSpecification","valueRequired":true,"valueName":"search_term_string"}}],"inLanguage":"en-US"}]}},"_links":{"self":[{"href":"https:\/\/test.visitnautaran.com\/en\/wp-json\/wp\/v2\/pages\/60485","targetHints":{"allow":["GET"]}}],"collection":[{"href":"https:\/\/test.visitnautaran.com\/en\/wp-json\/wp\/v2\/pages"}],"about":[{"href":"https:\/\/test.visitnautaran.com\/en\/wp-json\/wp\/v2\/types\/page"}],"author":[{"embeddable":true,"href":"https:\/\/test.visitnautaran.com\/en\/wp-json\/wp\/v2\/users\/3"}],"replies":[{"embeddable":true,"href":"https:\/\/test.visitnautaran.com\/en\/wp-json\/wp\/v2\/comments?post=60485"}],"version-history":[{"count":5,"href":"https:\/\/test.visitnautaran.com\/en\/wp-json\/wp\/v2\/pages\/60485\/revisions"}],"predecessor-version":[{"id":62017,"href":"https:\/\/test.visitnautaran.com\/en\/wp-json\/wp\/v2\/pages\/60485\/revisions\/62017"}],"wp:attachment":[{"href":"https:\/\/test.visitnautaran.com\/en\/wp-json\/wp\/v2\/media?parent=60485"}],"curies":[{"name":"wp","href":"https:\/\/api.w.org\/{rel}","templated":true}]}}