{"id":62056,"date":"2016-11-14T11:41:17","date_gmt":"2016-11-14T11:41:17","guid":{"rendered":"https:\/\/test.visitnautaran.com\/politica-de-privacidad\/"},"modified":"2024-08-27T09:01:32","modified_gmt":"2024-08-27T07:01:32","slug":"politica-de-privacidad","status":"publish","type":"page","link":"https:\/\/test.visitnautaran.com\/ca\/politica-de-privacidad\/","title":{"rendered":"Pol\u00edtica de privacitat"},"content":{"rendered":"<p>[et_pb_section fb_built=&#8221;1&#8243; _builder_version=&#8221;4.16&#8243; global_colors_info=&#8221;{}&#8221;][et_pb_row _builder_version=&#8221;4.16&#8243; background_size=&#8221;initial&#8221; background_position=&#8221;top_left&#8221; background_repeat=&#8221;repeat&#8221; global_colors_info=&#8221;{}&#8221;][et_pb_column type=&#8221;4_4&#8243; _builder_version=&#8221;4.16&#8243; custom_padding=&#8221;|||&#8221; global_colors_info=&#8221;{}&#8221; custom_padding__hover=&#8221;|||&#8221;][et_pb_text _builder_version=&#8221;4.21.0&#8243; background_size=&#8221;initial&#8221; background_position=&#8221;top_left&#8221; background_repeat=&#8221;repeat&#8221; hover_enabled=&#8221;0&#8243; global_colors_info=&#8221;{}&#8221; sticky_enabled=&#8221;0&#8243;]<\/p>\n<h4><strong>XARXES SOCIALS<\/strong><\/h4>\n<p>L\u2019usuari caldr\u00e0 que disposi del seu perfil en aquestes xarxes socials per poder interactuar amb\u00a0<strong>AJUNTAMENT NAUT ARAN<\/strong>\u00a0 i que accepti la relaci\u00f3 amb la nostra xarxa social.\u00a0 Si aix\u00ed s\u2019executa,\u00a0<strong>AJUNTAMENT NAUT ARAN<\/strong>\u00a0 tindr\u00e0 acc\u00e9s al perfil de l\u2019usuari d\u2019acord amb els par\u00e0metres estipulats per la pr\u00f2pia xarxa social i podr\u00e0 interactuar amb ell amb l\u2019enviament de missatges, publicacions, participaci\u00f3 a concursos i sortejos.\u00a0\u00a0 Si l\u2019usuari no desitja que\u00a0<strong>AJUNTAMENT NAUT ARAN<\/strong>\u00a0 pugui accedir al seu perfil o interrelacionar-se amb ell caldr\u00e0 que es desvinculi del perfil deixant de seguir o eliminar com amistat, seguidor o usuari a\u00a0<strong>AJUNTAMENT NAUT ARAN\u00a0<\/strong><\/p>\n<p>Les actuacions que realitzi\u00a0<strong>AJUNTAMENT NAUT ARAN<\/strong>\u00a0 podran tenir car\u00e0cter informatiu i\/o publicitari del seus serveis o productes, considerant que la xarxa social es un mitj\u00e0 publicitari, sota la responsabilitat de\u00a0<strong>AJUNTAMENT NAUT ARAN\u00a0<\/strong>\u00a0quant a les publicacions i comunicacions que realitzen per aquest mitjans online.<\/p>\n<p>La participaci\u00f3 dels usuaris en concursos, promocions o sortejos implicar\u00e0 que l\u2019usuari accepta les bases legals d\u2019aquest concurs, promoci\u00f3 o sorteig que seran publicades a la xarxa social de refer\u00e8ncia\u00a0 en el moment oport\u00fa,\u00a0 i\u00a0 amb la seva participaci\u00f3,\u00a0 implicar\u00e0 que l\u2019usuari ha acceptat les mateixes.<\/p>\n<p>Es recorda als usuaris que les publicacions que realitzin a les xarxes socials estaran sota la seva responsabilitat i caldr\u00e0 que respectin la legislaci\u00f3 i els drets de tercers que es puguin afectar, amb especial rellev\u00e0ncia als drets de propietat intel\u00b7lectual, de protecci\u00f3 de dades i de la pr\u00f2pia imatge de tercers, aix\u00ed com les normes de les pr\u00f2pies xarxes socials que consten en els seg\u00fcents enlla\u00e7os:<\/p>\n<ul>\n<li>Facebook: https:\/\/www.facebook.com\/legal\/terms<\/li>\n<li>Instagram : https:\/\/help.instagram.com\/<\/li>\n<li>Twitter: https:\/\/twitter.com\/es\/tos<\/li>\n<li>Linkedin: https:\/\/www.linkedin.com\/legal\/user-agreement<\/li>\n<\/ul>\n<h4><strong>PROTECCI\u00d3 DE DADES PERSONALS<\/strong><\/h4>\n<p>En virtut de la normativa de protecci\u00f3 de dades de car\u00e0cter personal, per la present autoritza a que les dades personals facilitades siguin tractades sota la responsabilitat de\u00a0<strong>AJUNTAMENT NAUT ARAN<\/strong>\u00a0 i domicili a c.\u00a0<strong>Balmes, n. 2, 25598 SALARD\u00da (VALL D\u2019ARAN)<\/strong><\/p>\n<ul>\n<li>\n<ul>\n<li>Formulari\u00a0 de Contacte: \u202fLes seves dades seran tractades amb la finalitat de gestionar la seva\u00a0 petici\u00f3 i poder-li donar resposta, essent la prestaci\u00f3 d\u2019aquest servei el motiu que ens legitima tractar les seves dades. Aquestes dades seran conservades fins que es resolgui la petici\u00f3 i no seran transmeses a tercers.<\/li>\n<li>Formulari Uneix-te a nosaltres: Les seves dades seran tractades amb la finalitat d\u2019incloure-li en els nostres processos de selecci\u00f3, d\u2019acord amb el seu consentiment expr\u00e9s. Les seves dades seran conservades mentre duri el proc\u00e9s de selecci\u00f3 i posteriorment seran destru\u00efdes de manera confidencial en el per\u00edode no superior d\u20191 any. No seran transmeses a tercers.<\/li>\n<li>Si son tractades a les nostres xarxes socials, d\u2019acord amb el detallat anteriorment, aquestes seran tractades amb la finalitat de gestionar aquella informaci\u00f3 i dades obtingudes de la interacci\u00f3\u00a0 dels usuaris de les xarxes socials amb aquests perfils\/p\u00e0gina. Aquestes dades seran tractades d\u2019acord a l\u2019inter\u00e8s leg\u00edtim d\u2019aquesta empresa i seran conservades sempre que es mantingui l\u2019inter\u00e8s leg\u00edtim que va permetre el seu tractament.<\/li>\n<\/ul>\n<\/li>\n<\/ul>\n<p>En qualsevol cas, podr\u00e0 indicar la revocaci\u00f3 del consentiment atorgat,\u00a0 si aquesta va ser la base que va legitimar el tractament o exercitar els drets previstos:<\/p>\n<ul>\n<li>\n<ul>\n<li><u>D\u2019acc\u00e9s:<\/u>\u00a0L\u2019interessat t\u00e9 dret a saber si el responsable del tractament tracta dades personals seves i, si \u00e9s aix\u00ed, t\u00e9 dret a accedir a aquestes dades i a obtenir la informaci\u00f3 al respecte del tractaments realitzats.<\/li>\n<li><u>Rectificaci\u00f3:\u00a0<\/u>Est\u00e0 vinculat al car\u00e0cter inexacte o incomplet de les dades.\u00a0 L\u2019interessat t\u00e9 dret a rectificar les seves dades personals inexactes i que es completin les seves dades personals incompletes.<\/li>\n<li><u>Supressi\u00f3:<\/u>\u00a0\u202fL\u2019interessat t\u00e9 dret a obtenir la supressi\u00f3 de les seves dades personals (\u201cdret a l\u2019oblit\u201d), quan aquestes ja no s\u00f3n necess\u00e0ries per a la finalitat per a la qual es van recollir, es revoca el consentiment en el qual es basava el tractament, l\u2019interessat s\u2019oposa al tractament, les dades s\u2019han tractat il\u00b7l\u00edcitament, s\u2019han de suprimir per complir una obligaci\u00f3 legal o\u00a0 s\u2019han obtingut en relaci\u00f3 amb l\u2019oferta de serveis de la societat de la informaci\u00f3 adre\u00e7ada a menors.<\/li>\n<li><u>Limitaci\u00f3 del tractament<\/u>: \u00c9s un dret de la persona interessada consistent en marcar les seves dades de car\u00e0cter personal conservades, amb la finalitat de limitar-ne el tractament en el futur.\u202f La limitaci\u00f3 del tractament suposa que, a petici\u00f3 de la persona interessada, les seves dades personals es deixen de tractar.<\/li>\n<li><u>Oposici\u00f3<\/u>: l\u2019interessat t\u00e9 dret a oposar-se al tractament de les seves dades quan es basa en alguns sup\u00f2sits concrets\u00a0 i s\u2019invoqui un motiu relacionat amb la seva situaci\u00f3 personal.<\/li>\n<li><u>Portabilitat de les dades<\/u>. L\u2019interessat t\u00e9 dret a rebre les dades personals que ha facilitat a un responsable del tractament en un format estructurat, d\u2019\u00fas com\u00fa i de lectura mec\u00e0nica, si es basa en el consentiment o en un contracte o quan el tractament es fa per mitjans automatitzats.<\/li>\n<li><u>A no ser objecte de decisions individuals automatitzades<\/u>: l\u2019interessat t\u00e9 dret a no ser objecte d\u2019una decisi\u00f3 basada nom\u00e9s en el tractament automatitzat de les seves dades, inclosa l\u2019elaboraci\u00f3 de perfils que produeixi efectes jur\u00eddics en ell o l\u2019afecti negativament.<\/li>\n<\/ul>\n<\/li>\n<\/ul>\n<p>Aquestes peticions caldr\u00e0 que es facin a c.\u00a0<strong>Balmes, n. 2, 25598 SALARD\u00da (VALL D\u2019ARAN)<\/strong>\u00a0o a info@nautaran.org<\/p>\n<p>Aix\u00ed mateix tamb\u00e9 podr\u00e0 presentar una reclamaci\u00f3 davant l\u2019Autoritat Catalana de Protecci\u00f3 de Dades o posar-se en contacte amb el Delegat de Protecci\u00f3 de Dades a : secretaria@nautaran.org<\/p>\n<h4><strong>PROPIETAT INDUSTRIAL I INTEL\u00b7LECTUAL<\/strong><strong>\u00a0<\/strong><\/h4>\n<p>Aquesta web \u00e9s propietat de\u00a0<strong>AJUNTAMENT NAUT ARAN<\/strong>. Els drets de Propietat Intel\u00b7lectual i drets d\u2019explotaci\u00f3 i reproducci\u00f3 d\u2019aquesta web, les seves p\u00e0gines, la seva pres\u00e8ncia a xarxes socials, pantalles, la informaci\u00f3 que contenen, la seva aparen\u00e7a i disseny, aix\u00ed com els enlla\u00e7os\u00a0 (\u201chipervincles\u201d) establerts des d\u2019ella a altres p\u00e0gines web de qualsevol centre adscrit o organisme dependent, s\u00f3n propietat exclusiva d\u2019aquesta llevat que expressament s\u2019estableixi\u00a0 uns altra cosa.<\/p>\n<p>Totes les denominacions, dissenys i\/o logotips, aix\u00ed com qualssevol producte o servei oferts i reflectits en aquest lloc web, s\u00f3n marques comercials degudament registrades per\u00a0<strong>AJUNTAMENT NAUT ARAN<\/strong>\u00a0per les seves subsidi\u00e0ries\u00a0 i\/o dominades o per tercers.<\/p>\n<p>Qualsevol \u00fas indegut del mateix per persones diferents del seu leg\u00edtim titular i sense el consentiment expr\u00e9s i inequ\u00edvoc per part d\u2019aquest podr\u00e0 ser denunciat i perseguit a trav\u00e9s de tots els mitjans legals existents a l\u2019ordenament jur\u00eddic espanyol i\/o comunitari.<\/p>\n<p>Els drets de propietat intel\u00b7lectual i marques comercials de tercers es destaquen convenientment i han de ser respectats per tot aquell que accedeixi a aquesta p\u00e0gina, no essent responsabilitat de\u00a0<strong>AJUNTAMENT NAUT ARAN<\/strong>\u00a0l\u2019\u00fas que l\u2019usuari pugui portar a terme referent a aquest respecte, essent l\u2019\u00fanica responsabilitat sobre la seva persona.<\/p>\n<p>Nom\u00e9s per a \u00fas personal i privat es permet descarregar els continguts, copiar o imprimir qualsevol p\u00e0gina d\u2019aquesta web i xarxes socials. Queda prohibit reproduir, transmetre, modificar o eliminar la informaci\u00f3, contingut o advert\u00e8ncies d\u2019aquest lloc web sense l\u2019 autoritzaci\u00f3 pr\u00e8via per escrit de\u00a0<strong>AJUNTAMENT NAUT ARAN \u00a0\u00a0<\/strong><strong>\u00a0<\/strong><\/p>\n<p><strong>AJUNTAMENT NAUT ARAN<\/strong>\u00a0no transfereix als usuaris la propietat del seu software. L\u2019usuari \u00e9s el propietari del mitj\u00e0 en el qual es grava el software.\u00a0<strong>AJUNTAMENT NAUT ARAN\u00a0<\/strong>\u00a0posseeix tots els drets de propietat industrial i intel\u00b7lectual, incloent el software. Si l\u2019 usuari transfereix software d\u2019 aquest lloc web al seu terminal, no podr\u00e0 disseccionar pel seu estudi i\u00a0 descompilar, traduir la versi\u00f3 del codi objecte original o el seu idioma o un altre codi o idioma.<\/p>\n<h4><strong>LLEI APLICABLE I JURISDICCI\u00d3<\/strong><strong>\u00a0<\/strong><\/h4>\n<p>Les presents condicions generals es regeixen per la Legislaci\u00f3 espanyola, sent competents els Jutjats i Tribunals espanyols per a con\u00e8ixer de quantes q\u00fcestions se suscitin sobre la interpretaci\u00f3, aplicaci\u00f3 i compliment de les mateixes. L\u2019usuari, en virtut de la seva acceptaci\u00f3 a les condicions generals recollides en aquest av\u00eds legal i sempre que aquesta submissi\u00f3 sigui possible, renuncia expressament a qualsevol fur que, per aplicaci\u00f3 de la Llei d\u2019Enjudiciament Civil vigent,\u00a0 pogu\u00e9s correspondre-li.<\/p>\n<p>[\/et_pb_text][\/et_pb_column][\/et_pb_row][\/et_pb_section]<\/p>\n","protected":false},"excerpt":{"rendered":"<p>XARXES SOCIALS L\u2019usuari caldr\u00e0 que disposi del seu perfil en aquestes xarxes socials per poder interactuar amb\u00a0AJUNTAMENT NAUT ARAN\u00a0 i que accepti la relaci\u00f3 amb la nostra xarxa social.\u00a0 Si aix\u00ed s\u2019executa,\u00a0AJUNTAMENT NAUT ARAN\u00a0 tindr\u00e0 acc\u00e9s al perfil de l\u2019usuari d\u2019acord amb els par\u00e0metres estipulats per la pr\u00f2pia xarxa social i podr\u00e0 interactuar amb ell [&hellip;]<\/p>\n","protected":false},"author":3,"featured_media":0,"parent":0,"menu_order":0,"comment_status":"closed","ping_status":"closed","template":"","meta":{"_acf_changed":false,"_et_pb_use_builder":"on","_et_pb_old_content":"<h3>Identidad y direcci\u00f3n del responsable del fichero donde se encuentran sus datos<\/h3><p class=\"ng-binding\">En virtud de la Ley Org\u00e1nica 15\/1999, de 13 de diciembre, Protecci\u00f3n de Datos de Car\u00e1cter Personal, con domicilio social en (de ahora en adelante el Responsable del Fichero), le informa que al introducir sus datos a trav\u00e9s de los formularios electr\u00f3nicos de nuestra web nos suministrar\u00e1 determinados datos de car\u00e1cter personal que se tratar\u00e1n de forma automatizada e incorporar\u00e1n a los correspondientes ficheros de los que es titular y Responsable.<\/p><h3>Finalidad del tratamiento de sus datos<\/h3><p class=\"ng-binding\">La recogida y tratamiento automatizado de sus datos personales tiene como finalidad hacerle participar en los concursos y promociones que ofrecemos a trav\u00e9s de nuestra web as\u00ed como recibir nuestro Newsletter si as\u00ed lo desea. Por la presente, usted consiente el tratamiento de sus datos con el fin de ser utilizados para el env\u00edo de promociones publicitarias y prospecci\u00f3n comercial a trav\u00e9s de cualquier medio, incluyendo por v\u00eda electr\u00f3nica, por la empresa y otras relacionadas con los sectores de las telecomunicaciones, financiero, ocio, formaci\u00f3n, gran consumo, automoci\u00f3n y energ\u00eda.<\/p><h3>Derechos de acceso, rectificaci\u00f3n y cancelaci\u00f3n<\/h3><p class=\"ng-binding\">En todo momento podr\u00e1 ejercitar su derecho de acceso, rectificaci\u00f3n, cancelaci\u00f3n y oposici\u00f3n enviando su solicitud escrita y firmada dirigida al Departamento Legal de acompa\u00f1ando fotocopia de su DNI a la direcci\u00f3n postal arriba indicada o bien a la siguiente direcci\u00f3n de correo electr\u00f3nico . Asimismo, en cualquier momento podr\u00e1 revocar el consentimiento arriba prestado para la cesi\u00f3n de sus datos personales y la recepci\u00f3n de comunicaciones comerciales enviando una comunicaci\u00f3n en este sentido a la direcci\u00f3n de correo electr\u00f3nico indicando la palabra \u201cBaja\u201d en el asunto a la direcci\u00f3n de correo electr\u00f3nico arriba referenciada.<\/p><h3>Cesi\u00f3n<\/h3><p class=\"ng-binding\">Si usted es premiado en alguno de nuestros concursos o promociones, autoriza la publicaci\u00f3n de sus datos personales en nuestra Web y en los perfiles sociales de de Facebook, Youtube, Twitter, Instagram, Google y Pinterest a efectos de anunciar quien ha sido la persona ganadora. Asimismo, usted consiente la comunicaci\u00f3n de sus datos a proveedores externos de relacionados con los sectores de las telecomunicaciones, financiero, ocio, formaci\u00f3n, gran consumo, automoci\u00f3n y energ\u00eda, a fin de ser utilizados para el env\u00edo de promociones publicitarias y prospecci\u00f3n comercial.<\/p>","_et_gb_content_width":"","footnotes":""},"class_list":["post-62056","page","type-page","status-publish","hentry"],"acf":[],"yoast_head":"<!-- This site is optimized with the Yoast SEO plugin v27.4 - https:\/\/yoast.com\/product\/yoast-seo-wordpress\/ -->\n<title>Pol\u00edtica de privacitat - Naut Aran Era Reserva - Web tur&iacute;stica Naut Aran<\/title>\n<meta name=\"robots\" content=\"noindex, follow, max-snippet:-1, max-image-preview:large, max-video-preview:-1\" \/>\n<meta property=\"og:locale\" content=\"ca_ES\" \/>\n<meta property=\"og:type\" content=\"article\" \/>\n<meta property=\"og:title\" content=\"Pol\u00edtica de privacitat - Naut Aran Era Reserva - Web tur&iacute;stica Naut Aran\" \/>\n<meta property=\"og:description\" content=\"XARXES SOCIALS L\u2019usuari caldr\u00e0 que disposi del seu perfil en aquestes xarxes socials per poder interactuar amb\u00a0AJUNTAMENT NAUT ARAN\u00a0 i que accepti la relaci\u00f3 amb la nostra xarxa social.\u00a0 Si aix\u00ed s\u2019executa,\u00a0AJUNTAMENT NAUT ARAN\u00a0 tindr\u00e0 acc\u00e9s al perfil de l\u2019usuari d\u2019acord amb els par\u00e0metres estipulats per la pr\u00f2pia xarxa social i podr\u00e0 interactuar amb ell [&hellip;]\" \/>\n<meta property=\"og:site_name\" content=\"Naut Aran Era Reserva - Web tur&iacute;stica Naut Aran\" \/>\n<meta property=\"article:modified_time\" content=\"2024-08-27T07:01:32+00:00\" \/>\n<meta name=\"twitter:card\" content=\"summary_large_image\" \/>\n<meta name=\"twitter:label1\" content=\"Temps estimat de lectura\" \/>\n\t<meta name=\"twitter:data1\" content=\"6 minuts\" \/>\n<script type=\"application\/ld+json\" class=\"yoast-schema-graph\">{\"@context\":\"https:\\\/\\\/schema.org\",\"@graph\":[{\"@type\":\"WebPage\",\"@id\":\"https:\\\/\\\/test.visitnautaran.com\\\/ca\\\/politica-de-privacidad\\\/\",\"url\":\"https:\\\/\\\/test.visitnautaran.com\\\/ca\\\/politica-de-privacidad\\\/\",\"name\":\"Pol\u00edtica de privacitat - Naut Aran Era Reserva - Web tur&iacute;stica Naut Aran\",\"isPartOf\":{\"@id\":\"https:\\\/\\\/test.visitnautaran.com\\\/#website\"},\"datePublished\":\"2016-11-14T11:41:17+00:00\",\"dateModified\":\"2024-08-27T07:01:32+00:00\",\"breadcrumb\":{\"@id\":\"https:\\\/\\\/test.visitnautaran.com\\\/ca\\\/politica-de-privacidad\\\/#breadcrumb\"},\"inLanguage\":\"ca\",\"potentialAction\":[{\"@type\":\"ReadAction\",\"target\":[\"https:\\\/\\\/test.visitnautaran.com\\\/ca\\\/politica-de-privacidad\\\/\"]}]},{\"@type\":\"BreadcrumbList\",\"@id\":\"https:\\\/\\\/test.visitnautaran.com\\\/ca\\\/politica-de-privacidad\\\/#breadcrumb\",\"itemListElement\":[{\"@type\":\"ListItem\",\"position\":1,\"name\":\"Inicio\",\"item\":\"https:\\\/\\\/test.visitnautaran.com\\\/ca\\\/\"},{\"@type\":\"ListItem\",\"position\":2,\"name\":\"Pol\u00edtica de privacitat\"}]},{\"@type\":\"WebSite\",\"@id\":\"https:\\\/\\\/test.visitnautaran.com\\\/#website\",\"url\":\"https:\\\/\\\/test.visitnautaran.com\\\/\",\"name\":\"Naut Aran Era Reserva - Web tur&iacute;stica Naut Aran\",\"description\":\"Naut Aran Era Reserva\",\"potentialAction\":[{\"@type\":\"SearchAction\",\"target\":{\"@type\":\"EntryPoint\",\"urlTemplate\":\"https:\\\/\\\/test.visitnautaran.com\\\/?s={search_term_string}\"},\"query-input\":{\"@type\":\"PropertyValueSpecification\",\"valueRequired\":true,\"valueName\":\"search_term_string\"}}],\"inLanguage\":\"ca\"}]}<\/script>\n<!-- \/ Yoast SEO plugin. -->","yoast_head_json":{"title":"Pol\u00edtica de privacitat - Naut Aran Era Reserva - Web tur&iacute;stica Naut Aran","robots":{"index":"noindex","follow":"follow","max-snippet":"max-snippet:-1","max-image-preview":"max-image-preview:large","max-video-preview":"max-video-preview:-1"},"og_locale":"ca_ES","og_type":"article","og_title":"Pol\u00edtica de privacitat - Naut Aran Era Reserva - Web tur&iacute;stica Naut Aran","og_description":"XARXES SOCIALS L\u2019usuari caldr\u00e0 que disposi del seu perfil en aquestes xarxes socials per poder interactuar amb\u00a0AJUNTAMENT NAUT ARAN\u00a0 i que accepti la relaci\u00f3 amb la nostra xarxa social.\u00a0 Si aix\u00ed s\u2019executa,\u00a0AJUNTAMENT NAUT ARAN\u00a0 tindr\u00e0 acc\u00e9s al perfil de l\u2019usuari d\u2019acord amb els par\u00e0metres estipulats per la pr\u00f2pia xarxa social i podr\u00e0 interactuar amb ell [&hellip;]","og_site_name":"Naut Aran Era Reserva - Web tur&iacute;stica Naut Aran","article_modified_time":"2024-08-27T07:01:32+00:00","twitter_card":"summary_large_image","twitter_misc":{"Temps estimat de lectura":"6 minuts"},"schema":{"@context":"https:\/\/schema.org","@graph":[{"@type":"WebPage","@id":"https:\/\/test.visitnautaran.com\/ca\/politica-de-privacidad\/","url":"https:\/\/test.visitnautaran.com\/ca\/politica-de-privacidad\/","name":"Pol\u00edtica de privacitat - Naut Aran Era Reserva - Web tur&iacute;stica Naut Aran","isPartOf":{"@id":"https:\/\/test.visitnautaran.com\/#website"},"datePublished":"2016-11-14T11:41:17+00:00","dateModified":"2024-08-27T07:01:32+00:00","breadcrumb":{"@id":"https:\/\/test.visitnautaran.com\/ca\/politica-de-privacidad\/#breadcrumb"},"inLanguage":"ca","potentialAction":[{"@type":"ReadAction","target":["https:\/\/test.visitnautaran.com\/ca\/politica-de-privacidad\/"]}]},{"@type":"BreadcrumbList","@id":"https:\/\/test.visitnautaran.com\/ca\/politica-de-privacidad\/#breadcrumb","itemListElement":[{"@type":"ListItem","position":1,"name":"Inicio","item":"https:\/\/test.visitnautaran.com\/ca\/"},{"@type":"ListItem","position":2,"name":"Pol\u00edtica de privacitat"}]},{"@type":"WebSite","@id":"https:\/\/test.visitnautaran.com\/#website","url":"https:\/\/test.visitnautaran.com\/","name":"Naut Aran Era Reserva - Web tur&iacute;stica Naut Aran","description":"Naut Aran Era Reserva","potentialAction":[{"@type":"SearchAction","target":{"@type":"EntryPoint","urlTemplate":"https:\/\/test.visitnautaran.com\/?s={search_term_string}"},"query-input":{"@type":"PropertyValueSpecification","valueRequired":true,"valueName":"search_term_string"}}],"inLanguage":"ca"}]}},"_links":{"self":[{"href":"https:\/\/test.visitnautaran.com\/ca\/wp-json\/wp\/v2\/pages\/62056","targetHints":{"allow":["GET"]}}],"collection":[{"href":"https:\/\/test.visitnautaran.com\/ca\/wp-json\/wp\/v2\/pages"}],"about":[{"href":"https:\/\/test.visitnautaran.com\/ca\/wp-json\/wp\/v2\/types\/page"}],"author":[{"embeddable":true,"href":"https:\/\/test.visitnautaran.com\/ca\/wp-json\/wp\/v2\/users\/3"}],"replies":[{"embeddable":true,"href":"https:\/\/test.visitnautaran.com\/ca\/wp-json\/wp\/v2\/comments?post=62056"}],"version-history":[{"count":5,"href":"https:\/\/test.visitnautaran.com\/ca\/wp-json\/wp\/v2\/pages\/62056\/revisions"}],"predecessor-version":[{"id":62066,"href":"https:\/\/test.visitnautaran.com\/ca\/wp-json\/wp\/v2\/pages\/62056\/revisions\/62066"}],"wp:attachment":[{"href":"https:\/\/test.visitnautaran.com\/ca\/wp-json\/wp\/v2\/media?parent=62056"}],"curies":[{"name":"wp","href":"https:\/\/api.w.org\/{rel}","templated":true}]}}