{"id":62029,"date":"2023-04-25T12:25:44","date_gmt":"2023-04-25T10:25:44","guid":{"rendered":"https:\/\/test.visitnautaran.com\/politica-de-cookies-2\/"},"modified":"2024-08-27T08:38:36","modified_gmt":"2024-08-27T06:38:36","slug":"politica-de-cookies-2","status":"publish","type":"page","link":"https:\/\/test.visitnautaran.com\/ca\/politica-de-cookies-2\/","title":{"rendered":"Pol\u00edtica de cookies"},"content":{"rendered":"<p>[et_pb_section fb_built=&#8221;1&#8243; _builder_version=&#8221;4.16&#8243; global_colors_info=&#8221;{}&#8221;][et_pb_row _builder_version=&#8221;4.16&#8243; background_size=&#8221;initial&#8221; background_position=&#8221;top_left&#8221; background_repeat=&#8221;repeat&#8221; global_colors_info=&#8221;{}&#8221;][et_pb_column type=&#8221;4_4&#8243; _builder_version=&#8221;4.16&#8243; custom_padding=&#8221;|||&#8221; global_colors_info=&#8221;{}&#8221; custom_padding__hover=&#8221;|||&#8221;][et_pb_text _builder_version=&#8221;4.21.0&#8243; _module_preset=&#8221;default&#8221; hover_enabled=&#8221;0&#8243; global_colors_info=&#8221;{}&#8221; sticky_enabled=&#8221;0&#8243;]<\/p>\n<h4><strong>AV\u00cdS DE COOKIES<\/strong><\/h4>\n<p>Utilitzem cookies\u00a0 pr\u00f2pies i de tercers per analitzar els nostres serveis i mostrar-te publicitat relacionada amb les prefer\u00e8ncies dels usuaris en base a un perfil elaborat a partir dels seus seus h\u00e0bits de navegaci\u00f3.<\/p>\n<h4><strong>POL\u00cdTICA DE COOKIES<\/strong><\/h4>\n<p>Els informem que a la web <a href=\"https:\/\/test.visitnautaran.com\/ca\">https:\/\/test.visitnautaran.com\/ca<\/a>, el sistema de navegaci\u00f3 utilitza algunes dades de navegaci\u00f3 (\u201cCookies\u201d) per poder oferir un servei m\u00e9s personalitzat als usuaris de la web.<\/p>\n<p>Les \u201cCookies\u201d s\u00f3n petits arxius de text que el navegador guarda quan es navega per p\u00e0gines web i aplicacions. En general, aquestes tecnologies poden servir per finalitats molt diverses, com per exemple, recon\u00e8ixer-te com a usuari, obtenir informaci\u00f3 dels teus h\u00e0bits de navegaci\u00f3 o personalitzar la forma en que es mostra el contingut.<\/p>\n<p><strong>AJUNTAMENT NAUT ARAN<\/strong>\u00a0a la seva web utilitza \u201ccookies\u201d de tercers:<\/p>\n<ul>\n<li>Cookies d\u2019an\u00e0lisi:\u00a0 Aquestes\u00a0 s\u00f3n\u00a0 tractades per tercers i\u00a0 ens permeten quantificar el nombre d\u2019usuaris i aix\u00ed poder realitzar el mesurament i an\u00e0lisi estad\u00edstic de la utilitzaci\u00f3 que realitzen els usuaris del servei ofert. Per aix\u00f2, s\u2019analitza la seva navegaci\u00f3 a la nostra web amb la finalitat de millorar la nostra oferta de productes i serveis. El tercer \u00e9s\u00a0 Google Analytics, que \u00e9s un servei d\u2019estad\u00edstiques de p\u00e0gines web que ofereix\u00a0\u00a0 Google Inc. Google Analytics recull informaci\u00f3 de l\u2019equip de l\u2019usuari per obtenir informes sobre l\u2019activitat de l\u2019aplicaci\u00f3 i emmagatzema la informaci\u00f3 recollida per les \u201ccookies\u201d a servidors dels Estats Units existint una transfer\u00e8ncia internacional de dades, i per tant, acceptant a la mateixa,mitjan\u00e7ant l\u2019acceptaci\u00f3 a aquestes cookies.<\/li>\n<\/ul>\n<p>Cookies publicit\u00e0ries comportamentals: S\u00f3n aquelles, que tractades per tercers, ens permeten analitzar els h\u00e0bits de navegaci\u00f3 a Internet per poder mostrar publicitat amb el seu perfil de navegaci\u00f3. El servei \u00e9s prestat per Google Inc.<\/p>\n<p>En tot cas, en el sup\u00f2sit que es captin dades de car\u00e0cter personal i en aquest cas, nom\u00e9s l\u2019adre\u00e7a IP d\u2019acc\u00e9s; els informem que aquestes seran tractades sota la responsabilitat de\u00a0<strong>\u00a0AJUNTAMENT NAUT ARAN<\/strong>.<\/p>\n<p>La finalitat d\u2019aquest tractament \u00e9s la gesti\u00f3 i control de les xarxes socials que es disposen aix\u00ed com dels usuaris que interactuen a la web i la informaci\u00f3 que s\u2019obt\u00e9, essent el seu consentiment la base de legitimaci\u00f3 d\u2019aquest tractament. Aquestes dades seran transmeses a les empreses gestores de les cookies i seran conservades d\u2019acord amb els par\u00e0metres estipulats per aquestes empreses. Aquestes dades seran transferides a tercers pa\u00efsos, podent obtenir informaci\u00f3 al respecte a la pr\u00f2pia pol\u00edtica de Google:\u00a0\u00a0<a href=\"https:\/\/policies.google.com\/privacy?hl=es\">https:\/\/policies.google.com\/privacy?hl=es<\/a><\/p>\n<p>Conforme all\u00f2 disposat en la normativa de protecci\u00f3 de dades de car\u00e0cter personal, li informem que pot revocar aquestes autoritzacions a trav\u00e9s del seu propi navegador o exercitar els drets d\u2019acc\u00e9s, rectificaci\u00f3 o supressi\u00f3, la limitaci\u00f3 del tractament o oposar-se, aix\u00ed com el dret a la portabilitat de les dades\u00a0 es pot dirigir a:\u00a0<strong>AJUNTAMENT NAUT ARAN<\/strong>, c.\u00a0<strong>Balmes , n. 2, 25598 \u2013 SALARD\u00da (Vall d\u2019Aran)<\/strong>\u00a0 o b\u00e9 enviant un correu electr\u00f2nic a:\u00a0<a href=\"mailto:info@nautaran.org\">info@nautaran.org<\/a><\/p>\n<p>Aix\u00ed mateix, podr\u00e0 presentar una reclamaci\u00f3 davant de l\u2019Autoritat Catalana de Protecci\u00f3 de Dades; o ficar-se en contacte amb el Delegat de Protecci\u00f3 de Dades a : secretaria@nautaran.org<\/p>\n<p>S\u2019informa a l\u2019usuari que Google podr\u00e0 transmetre aquesta informaci\u00f3 a tercers quan aix\u00ed ho requereixi la llei, o quan aquests tercers processin la informaci\u00f3 per compte de Google. Google no associar\u00e0 l\u2019adre\u00e7a d\u2019 IP de l\u2019usuari amb cap altra dada que disposi, i per tant, ho far\u00e0 totalment de forma anonimitzada.<\/p>\n<p>Per rebutjar o eliminar aquesta \u201ccookie\u201d es pot consultar la seg\u00fcent adre\u00e7a:<\/p>\n<p><a href=\"http:\/\/www.google.com\/intl\/ca\/policies\/privacy\/\">http:\/\/www.google.com\/intl\/ca\/policies\/privacy\/<\/a><\/p>\n<p><a href=\"http:\/\/www.google.com\/intl\/en\/privacypolicy.html\">http:\/\/www.google.com\/intl\/en\/privacypolicy.html<\/a><\/p>\n<h4><strong>DESACTIVACI\u00d3 I BLOQUEIG DE LES COOKIES<\/strong><\/h4>\n<p>En qualsevol cas, l\u2019 usuari pot habilitar l\u2019opci\u00f3 del seu propi sistema de navegaci\u00f3 per tal de no permetre la instal\u00b7laci\u00f3 de cookies; sense que en cap cas AJUNTAMENT NAUT ARAN pugui ser responsable de que la inhabilitaci\u00f3 de Cookies comporti que alguns dels serveis que ofereix aquesta web no funcionin correctament.<\/p>\n<p>En els seg\u00fcents enlla\u00e7os, podr\u00e0 trobar instruccions que l\u2019ajudaran a configurar els ajustos dels principals navegadors m\u00e9s utilitzats.<\/p>\n<p>Internet Explorer:\u00a0<a href=\"https:\/\/support.microsoft.com\/es-es\/help\/17442\/windows-internet-explorer-delete-manage-cookies\">https:\/\/support.microsoft.com\/es-es\/help\/17442\/windows-internet-explorer-delete-manage-cookies<\/a><\/p>\n<p>Microsoft Edge:\u00a0<a href=\"https:\/\/support.microsoft.com\/es-es\/help\/4027947\/microsoft-edge-delete-cookies\">https:\/\/support.microsoft.com\/es-es\/help\/4027947\/microsoft-edge-delete-cookies<\/a><\/p>\n<p>Google Chrome:\u00a0<a href=\"https:\/\/support.google.com\/chrome\/answer\/95647?hl=es\">https:\/\/support.google.com\/chrome\/answer\/95647?hl=es<\/a><\/p>\n<p>Mozilla Firefox:\u00a0<a href=\"http:\/\/support.mozilla.org\/es\/kb\/habilitar-y-deshabilitar-cookies-que-los-sitios-we\">http:\/\/support.mozilla.org\/es\/kb\/habilitar-y-deshabilitar-cookies-que-los-sitios-we<\/a><\/p>\n<p>Safari:<a href=\"http:\/\/support.apple.com\/kb\/ph5042\">\u00a0http:\/\/support.apple.com\/kb\/ph5042<\/a><\/p>\n<p>Safari para IOS (Iphone, IPad):\u00a0<a href=\"http:\/\/support.apple.com\/kb\/ht1677?viewlocale=es_es&amp;locale=es_es\">http:\/\/support.apple.com\/kb\/ht1677?viewlocale=es_es&amp;locale=es_es<\/a><\/p>\n<p>Chrome para Android:\u00a0<a href=\"https:\/\/support.google.com\/chrome\/answer\/2392971?hl=es\">https:\/\/support.google.com\/chrome\/answer\/2392971?hl=es<\/a><\/p>\n<p>Si es desitja m\u00e9s informaci\u00f3 sobre les cookies i la seva manera de deshabilitar-les segons el seu sistema de navegaci\u00f3 pot consultar els seg\u00fcents links:<\/p>\n<p><a href=\"http:\/\/www.aboutcookies.org\/\">https:\/\/www.aboutcookies.org<\/a><\/p>\n<p><a href=\"http:\/\/www.aboutcookies.org\/Default.aspx?page=1\">http:\/\/www.aboutcookies.org\/Default.aspx?page=1<\/a><\/p>\n<p>En cas contrari, i havent informat\u00a0<strong>AJUNTAMENT NAUT ARAN<\/strong>\u00a0de l\u2019 \u00fas de cookies, i sense que aquestes hagin estat inhabilitades, implica que l\u2019usuari presta el seu consentiment al tractament de dades per Google en la forma prevista en aquest av\u00eds i per les finalitats aqu\u00ed descrites.<\/p>\n<p>En cas de dubte o de qualsevol comentari, es pot dirigir a\u00a0<strong>AJUNTAMENT NAUT ARAN<\/strong>\u00a0a trav\u00e9s dels seus mitjans d\u2019atenci\u00f3 al p\u00fablic o b\u00e9 comunicar-se amb nosaltres a trav\u00e9s de : info@nautaran.org<\/p>\n<p>[\/et_pb_text][\/et_pb_column][\/et_pb_row][\/et_pb_section]<\/p>\n","protected":false},"excerpt":{"rendered":"<p>AV\u00cdS DE COOKIES Utilitzem cookies\u00a0 pr\u00f2pies i de tercers per analitzar els nostres serveis i mostrar-te publicitat relacionada amb les prefer\u00e8ncies dels usuaris en base a un perfil elaborat a partir dels seus seus h\u00e0bits de navegaci\u00f3. POL\u00cdTICA DE COOKIES Els informem que a la web https:\/\/test.visitnautaran.com\/ca, el sistema de navegaci\u00f3 utilitza algunes dades de [&hellip;]<\/p>\n","protected":false},"author":3,"featured_media":0,"parent":0,"menu_order":0,"comment_status":"closed","ping_status":"closed","template":"","meta":{"_acf_changed":false,"_et_pb_use_builder":"on","_et_pb_old_content":"<p>[cmplz-document type=\"cookie-statement\" region=\"eu\"]<\/p>","_et_gb_content_width":"","footnotes":""},"class_list":["post-62029","page","type-page","status-publish","hentry"],"acf":[],"yoast_head":"<!-- This site is optimized with the Yoast SEO plugin v27.4 - https:\/\/yoast.com\/product\/yoast-seo-wordpress\/ -->\n<title>Pol\u00edtica de cookies - Naut Aran Era Reserva - Web tur&iacute;stica Naut Aran<\/title>\n<meta name=\"robots\" content=\"noindex, follow, max-snippet:-1, max-image-preview:large, max-video-preview:-1\" \/>\n<meta property=\"og:locale\" content=\"ca_ES\" \/>\n<meta property=\"og:type\" content=\"article\" \/>\n<meta property=\"og:title\" content=\"Pol\u00edtica de cookies - Naut Aran Era Reserva - Web tur&iacute;stica Naut Aran\" \/>\n<meta property=\"og:description\" content=\"AV\u00cdS DE COOKIES Utilitzem cookies\u00a0 pr\u00f2pies i de tercers per analitzar els nostres serveis i mostrar-te publicitat relacionada amb les prefer\u00e8ncies dels usuaris en base a un perfil elaborat a partir dels seus seus h\u00e0bits de navegaci\u00f3. POL\u00cdTICA DE COOKIES Els informem que a la web https:\/\/test.visitnautaran.com\/ca, el sistema de navegaci\u00f3 utilitza algunes dades de [&hellip;]\" \/>\n<meta property=\"og:site_name\" content=\"Naut Aran Era Reserva - Web tur&iacute;stica Naut Aran\" \/>\n<meta property=\"article:modified_time\" content=\"2024-08-27T06:38:36+00:00\" \/>\n<meta name=\"twitter:card\" content=\"summary_large_image\" \/>\n<meta name=\"twitter:label1\" content=\"Temps estimat de lectura\" \/>\n\t<meta name=\"twitter:data1\" content=\"4 minuts\" \/>\n<script type=\"application\/ld+json\" class=\"yoast-schema-graph\">{\"@context\":\"https:\\\/\\\/schema.org\",\"@graph\":[{\"@type\":\"WebPage\",\"@id\":\"https:\\\/\\\/test.visitnautaran.com\\\/ca\\\/politica-de-cookies-2\\\/\",\"url\":\"https:\\\/\\\/test.visitnautaran.com\\\/ca\\\/politica-de-cookies-2\\\/\",\"name\":\"Pol\u00edtica de cookies - Naut Aran Era Reserva - Web tur&iacute;stica Naut Aran\",\"isPartOf\":{\"@id\":\"https:\\\/\\\/test.visitnautaran.com\\\/#website\"},\"datePublished\":\"2023-04-25T10:25:44+00:00\",\"dateModified\":\"2024-08-27T06:38:36+00:00\",\"breadcrumb\":{\"@id\":\"https:\\\/\\\/test.visitnautaran.com\\\/ca\\\/politica-de-cookies-2\\\/#breadcrumb\"},\"inLanguage\":\"ca\",\"potentialAction\":[{\"@type\":\"ReadAction\",\"target\":[\"https:\\\/\\\/test.visitnautaran.com\\\/ca\\\/politica-de-cookies-2\\\/\"]}]},{\"@type\":\"BreadcrumbList\",\"@id\":\"https:\\\/\\\/test.visitnautaran.com\\\/ca\\\/politica-de-cookies-2\\\/#breadcrumb\",\"itemListElement\":[{\"@type\":\"ListItem\",\"position\":1,\"name\":\"Inicio\",\"item\":\"https:\\\/\\\/test.visitnautaran.com\\\/ca\\\/\"},{\"@type\":\"ListItem\",\"position\":2,\"name\":\"Pol\u00edtica de cookies\"}]},{\"@type\":\"WebSite\",\"@id\":\"https:\\\/\\\/test.visitnautaran.com\\\/#website\",\"url\":\"https:\\\/\\\/test.visitnautaran.com\\\/\",\"name\":\"Naut Aran Era Reserva - Web tur&iacute;stica Naut Aran\",\"description\":\"Naut Aran Era Reserva\",\"potentialAction\":[{\"@type\":\"SearchAction\",\"target\":{\"@type\":\"EntryPoint\",\"urlTemplate\":\"https:\\\/\\\/test.visitnautaran.com\\\/?s={search_term_string}\"},\"query-input\":{\"@type\":\"PropertyValueSpecification\",\"valueRequired\":true,\"valueName\":\"search_term_string\"}}],\"inLanguage\":\"ca\"}]}<\/script>\n<!-- \/ Yoast SEO plugin. -->","yoast_head_json":{"title":"Pol\u00edtica de cookies - Naut Aran Era Reserva - Web tur&iacute;stica Naut Aran","robots":{"index":"noindex","follow":"follow","max-snippet":"max-snippet:-1","max-image-preview":"max-image-preview:large","max-video-preview":"max-video-preview:-1"},"og_locale":"ca_ES","og_type":"article","og_title":"Pol\u00edtica de cookies - Naut Aran Era Reserva - Web tur&iacute;stica Naut Aran","og_description":"AV\u00cdS DE COOKIES Utilitzem cookies\u00a0 pr\u00f2pies i de tercers per analitzar els nostres serveis i mostrar-te publicitat relacionada amb les prefer\u00e8ncies dels usuaris en base a un perfil elaborat a partir dels seus seus h\u00e0bits de navegaci\u00f3. POL\u00cdTICA DE COOKIES Els informem que a la web https:\/\/test.visitnautaran.com\/ca, el sistema de navegaci\u00f3 utilitza algunes dades de [&hellip;]","og_site_name":"Naut Aran Era Reserva - Web tur&iacute;stica Naut Aran","article_modified_time":"2024-08-27T06:38:36+00:00","twitter_card":"summary_large_image","twitter_misc":{"Temps estimat de lectura":"4 minuts"},"schema":{"@context":"https:\/\/schema.org","@graph":[{"@type":"WebPage","@id":"https:\/\/test.visitnautaran.com\/ca\/politica-de-cookies-2\/","url":"https:\/\/test.visitnautaran.com\/ca\/politica-de-cookies-2\/","name":"Pol\u00edtica de cookies - Naut Aran Era Reserva - Web tur&iacute;stica Naut Aran","isPartOf":{"@id":"https:\/\/test.visitnautaran.com\/#website"},"datePublished":"2023-04-25T10:25:44+00:00","dateModified":"2024-08-27T06:38:36+00:00","breadcrumb":{"@id":"https:\/\/test.visitnautaran.com\/ca\/politica-de-cookies-2\/#breadcrumb"},"inLanguage":"ca","potentialAction":[{"@type":"ReadAction","target":["https:\/\/test.visitnautaran.com\/ca\/politica-de-cookies-2\/"]}]},{"@type":"BreadcrumbList","@id":"https:\/\/test.visitnautaran.com\/ca\/politica-de-cookies-2\/#breadcrumb","itemListElement":[{"@type":"ListItem","position":1,"name":"Inicio","item":"https:\/\/test.visitnautaran.com\/ca\/"},{"@type":"ListItem","position":2,"name":"Pol\u00edtica de cookies"}]},{"@type":"WebSite","@id":"https:\/\/test.visitnautaran.com\/#website","url":"https:\/\/test.visitnautaran.com\/","name":"Naut Aran Era Reserva - Web tur&iacute;stica Naut Aran","description":"Naut Aran Era Reserva","potentialAction":[{"@type":"SearchAction","target":{"@type":"EntryPoint","urlTemplate":"https:\/\/test.visitnautaran.com\/?s={search_term_string}"},"query-input":{"@type":"PropertyValueSpecification","valueRequired":true,"valueName":"search_term_string"}}],"inLanguage":"ca"}]}},"_links":{"self":[{"href":"https:\/\/test.visitnautaran.com\/ca\/wp-json\/wp\/v2\/pages\/62029","targetHints":{"allow":["GET"]}}],"collection":[{"href":"https:\/\/test.visitnautaran.com\/ca\/wp-json\/wp\/v2\/pages"}],"about":[{"href":"https:\/\/test.visitnautaran.com\/ca\/wp-json\/wp\/v2\/types\/page"}],"author":[{"embeddable":true,"href":"https:\/\/test.visitnautaran.com\/ca\/wp-json\/wp\/v2\/users\/3"}],"replies":[{"embeddable":true,"href":"https:\/\/test.visitnautaran.com\/ca\/wp-json\/wp\/v2\/comments?post=62029"}],"version-history":[{"count":2,"href":"https:\/\/test.visitnautaran.com\/ca\/wp-json\/wp\/v2\/pages\/62029\/revisions"}],"predecessor-version":[{"id":62037,"href":"https:\/\/test.visitnautaran.com\/ca\/wp-json\/wp\/v2\/pages\/62029\/revisions\/62037"}],"wp:attachment":[{"href":"https:\/\/test.visitnautaran.com\/ca\/wp-json\/wp\/v2\/media?parent=62029"}],"curies":[{"name":"wp","href":"https:\/\/api.w.org\/{rel}","templated":true}]}}