{"id":60483,"date":"2016-11-14T11:40:45","date_gmt":"2016-11-14T11:40:45","guid":{"rendered":"https:\/\/test.visitnautaran.com\/aviso-legal\/"},"modified":"2024-08-27T08:18:56","modified_gmt":"2024-08-27T06:18:56","slug":"aviso-legal","status":"publish","type":"page","link":"https:\/\/test.visitnautaran.com\/ca\/aviso-legal\/","title":{"rendered":"Aviso legal"},"content":{"rendered":"<p>[et_pb_section fb_built=&#8221;1&#8243; admin_label=&#8221;section&#8221; _builder_version=&#8221;4.16&#8243; global_colors_info=&#8221;{}&#8221;][et_pb_row admin_label=&#8221;row&#8221; _builder_version=&#8221;4.16&#8243; background_size=&#8221;initial&#8221; background_position=&#8221;top_left&#8221; background_repeat=&#8221;repeat&#8221; global_colors_info=&#8221;{}&#8221;][et_pb_column type=&#8221;4_4&#8243; _builder_version=&#8221;4.16&#8243; custom_padding=&#8221;|||&#8221; global_colors_info=&#8221;{}&#8221; custom_padding__hover=&#8221;|||&#8221;][et_pb_text admin_label=&#8221;Text&#8221; _builder_version=&#8221;4.21.0&#8243; background_size=&#8221;initial&#8221; background_position=&#8221;top_left&#8221; background_repeat=&#8221;repeat&#8221; text_orientation=&#8221;justified&#8221; hover_enabled=&#8221;0&#8243; global_colors_info=&#8221;{}&#8221; sticky_enabled=&#8221;0&#8243;]<\/p>\n<p><strong>INFORMACI\u00d3 LEGAL LSSIICE<\/strong><\/p>\n<p>D\u2019acord amb les obligacions previstes en la Llei 34\/2002, de Serveis de la Societat de la Informaci\u00f3 i de Comer\u00e7 Electr\u00f2nic (en endavant LSSIICE),\u00a0\u00a0<strong>AJUNTAMENT NAUT ARAN<\/strong>\u00a0amb CIF\u00a0<strong>P-2523300-H<\/strong>\u00a0i domicili social a\u00a0c.\u00a0<strong>Balmes, n. 2, 25598 SALARD\u00da (VALL D\u2019ARAN)<\/strong>\u00a0i adre\u00e7a electr\u00f2nica\u00a0<strong>info@nautaran.org<\/strong>, manifesta que s\u00f3n de la seva\u00a0 propietat:<\/p>\n<p>\u2013 El domini <a href=\"https:\/\/test.visitnautaran.com\/ca\">https:\/\/test.visitnautaran.com\/ca<\/a><\/p>\n<p>\u2013 Els perfils i p\u00e0gina a les seguents xarxes socials:<\/p>\n<ul>\n<li>\n<ul>\n<li>Instagram:\u00a0<a href=\"https:\/\/www.instagram.com\/ajnautaran\/\">https:\/\/www.instagram.com\/ajnautaran\/<\/a><\/li>\n<li>Facebook:\u00a0<a href=\"https:\/\/www.facebook.com\/people\/Ajuntament-de-Naut%20Aran\/100068163895462\/\">https:\/\/www.facebook.com\/people\/Ajuntament-de-Naut Aran\/100068163895462\/<\/a><\/li>\n<li>Twitter:\u00a0<a href=\"https:\/\/x.com\/ajnautaran\">https:\/\/x.com\/ajnautaran<\/a><\/li>\n<\/ul>\n<\/li>\n<\/ul>\n<p><strong>AJUNTAMENT NAUT ARAN<\/strong>\u00a0no pot assumir cap responsabilitat derivada de l\u2019\u00fas incorrecte, inadequat o il\u00b7l\u00edcit de la informaci\u00f3 que aparegui a les seves p\u00e0gines web o pres\u00e8ncia online a les diverses xarxes socials. Amb els l\u00edmits establerts a la llei,\u00a0<strong>AJUNTAMENT NAUT ARAN<\/strong>\u00a0 no assumeix cap responsabilitat per la falta de veracitat, integritat, actualitzaci\u00f3 i precisi\u00f3 de les dades o informacions que es contenen a les seves p\u00e0gines d\u2019Internet.<\/p>\n<p>Els continguts i informaci\u00f3 de les p\u00e0gines d\u2019Internet i xarxes socials\u00a0 de\u00a0<strong>AJUNTAMENT NAUT ARAN<\/strong>\u00a0 estan elaborades per professionals degudament qualificats per a l\u2019exercici de la seva professi\u00f3. No obstant aix\u00f2, els continguts i informaci\u00f3 no vinculen a la susdita ni constitueixen opinions, consells o assessorament legal de cap tipus, doncs es tracta merament d\u2019un servei ofert amb car\u00e0cter informatiu i divulgatiu.<\/p>\n<p>Les p\u00e0gines d\u2019Internet i xarxes socials\u00a0 de\u00a0<strong>AJUNTAMENT NAUT ARAN\u00a0<\/strong>\u00a0poden contenir enlla\u00e7os (links) a altres p\u00e0gines de terceres parts. Per tant, aquesta no pot assumir responsabilitats pel contingut que pugui apar\u00e8ixer en p\u00e0gines de tercers. Els textos, imatges, sons, animacions, software i la resta de continguts inclosos en aquest website s\u00f3n propietat exclusiva de\u00a0<strong>AJUNTAMENT NAUT ARAN<\/strong>\u00a0\u00a0 o les seves llicenciants. Qualsevol acte de transmissi\u00f3, distribuci\u00f3, cessi\u00f3, reproducci\u00f3, emmagatzematge o comunicaci\u00f3 p\u00fablica total o parcial, ha de comptar amb el consentiment expr\u00e9s de\u00a0<strong>AJUNTAMENT NAUT ARAN\u00a0<\/strong><\/p>\n<p>De la mateixa manera es reserva el dret a retirar l\u2019acc\u00e9s al Portal, sense necessitat de previ av\u00eds, a qualsevol usuari que contravingui el disposat en aquest av\u00eds legal.<\/p>\n<p>[\/et_pb_text][\/et_pb_column][\/et_pb_row][\/et_pb_section]<\/p>\n","protected":false},"excerpt":{"rendered":"<p>INFORMACI\u00d3 LEGAL LSSIICE D\u2019acord amb les obligacions previstes en la Llei 34\/2002, de Serveis de la Societat de la Informaci\u00f3 i de Comer\u00e7 Electr\u00f2nic (en endavant LSSIICE),\u00a0\u00a0AJUNTAMENT NAUT ARAN\u00a0amb CIF\u00a0P-2523300-H\u00a0i domicili social a\u00a0c.\u00a0Balmes, n. 2, 25598 SALARD\u00da (VALL D\u2019ARAN)\u00a0i adre\u00e7a electr\u00f2nica\u00a0info@nautaran.org, manifesta que s\u00f3n de la seva\u00a0 propietat: \u2013 El domini https:\/\/test.visitnautaran.com\/ca \u2013 Els perfils [&hellip;]<\/p>\n","protected":false},"author":3,"featured_media":0,"parent":0,"menu_order":0,"comment_status":"closed","ping_status":"closed","template":"","meta":{"_acf_changed":false,"_et_pb_use_builder":"on","_et_pb_old_content":"<h3>T\u00e9rminos y condiciones del uso mediante este aviso<\/h3>\r\n<p class=\"ng-binding\">informa a los usuarios de la p\u00e1gina web de su pol\u00edtica de protecci\u00f3n de datos de car\u00e1cter personal. La utilizaci\u00f3n del espacio web de y de cualquiera de los servicios que se incorporan presupone la plena aceptaci\u00f3n de las condiciones que se manifiestan en la pol\u00edtica de privacidad que se expone.<\/p>\r\n\r\n<h3>Recogida de datos<\/h3>\r\n<p class=\"ng-binding\">Dando cumplimiento a la Ley 15\/1999, de 13 de diciembre, de protecci\u00f3n de datos de car\u00e1cter personal, se informa que los datos de car\u00e1cter personal que se solicitan en nuestros formularios se incluir\u00e1n en un fichero de datos personales el responsable y titular del cual es . As\u00ed mismo, cuando una persona rellena cualquiera de los formularios con los datos personales que se solicitan y acepta el env\u00edo, autoriza expresamente a a tratar o incorporar en el fichero automatizado de su propiedad los datos personales facilitados en el formulario mencionado y todos los datos que se generen en relaci\u00f3n con su participaci\u00f3n o uso de los diferentes eventos que se ofrecen en esta p\u00e1gina web.<\/p>\r\n<p class=\"ng-binding\">Salvo que espec\u00edficamente se establezca lo contrario, se considerar\u00e1 necesario rellenar todos los campos de cada formulario, para ello el usuario deber\u00e1 rellenar los formularios con datos verdaderos, exactos, completos y actualizados. El usuario ser\u00e1 el \u00fanico responsable de cualquier da\u00f1o o perjuicio, directo y indirecto, que ocasione a o a cualquier tercero por rellenar los formularios con datos falsos, inexactos, incompletos o no actualizados o con datos de terceros. A trav\u00e9s de las diferentes \u00e1reas que forman parte de este espacio web, los usuarios pueden obtener informaci\u00f3n, realizar consultas y participar los diferentes eventos que ofrezca mediante su espacio web.<\/p>\r\n\r\n<h3>Finalidades del tratamiento<\/h3>\r\nLos datos facilitados nunca ser\u00e1n utilizados con una finalidad diferente de aquella para la cual han sido cedidos, y ser\u00e1n cancelados inmediatamente despu\u00e9s de dejar de ser necesarios para esta finalidad, excepto cuando una ley establezca otra cosa.\r\n<p class=\"ng-binding\">Cuando la persona interesada env\u00eda los datos personales y la direcci\u00f3n electr\u00f3nica a , autoriza expresamente la utilizaci\u00f3n a efectos de comunicaciones peri\u00f3dicas, incluyendo expresamente las que se realicen por correo electr\u00f3nico que o las entidades pertenecientes a el \u00e1mbito empresarial de lleven a t\u00e9rmino con los usuarios, y posibles interesados, para informarles de las noticias, eventos, etc...<\/p>\r\n<p class=\"ng-binding\">Al margen de lo que se ha dicho anteriormente, la recogida y el tratamiento automatizado de los datos personales facilitados tienen igualmente como finalidad la gesti\u00f3n administrativa y la ejecuci\u00f3n y el desarrollo de toda actividad profesional propia de y la gesti\u00f3n del usuario en los diferentes servicios puestos a su disposici\u00f3n (a efectos meramente informativos: solicitud de informaci\u00f3n sobre eventos).<\/p>\r\n\r\n<h3>Seguridad<\/h3>\r\n<p class=\"ng-binding\">Toda la informaci\u00f3n relativa a datos de car\u00e1cter personal recibida por es tratada con la m\u00e1xima confidencialidad, y se procede \u00fanicamente a las comunicaciones estrictamente necesarias para la prestaci\u00f3n del servicio que interesa en cada caso y las comunicaciones y cesiones autorizadas por el usuario mediante esta pol\u00edtica de privacidad.<\/p>\r\n<p class=\"ng-binding\">ha adoptado los niveles de seguridad de protecci\u00f3n de datos personales requeridos legalmente y ha instalado los medios y medidas t\u00e9cnicas a su alcance para evitar la p\u00e9rdida, el mal uso, la alteraci\u00f3n de los datos personales facilitados y el acceso no autorizado a estos datos.<\/p>\r\n<p class=\"ng-binding\">El usuario tiene derecho a acceder a la informaci\u00f3n que le concierne recopilada en los ficheros de , rectificarla si es err\u00f3nea, cancelarla o oponerse a su tratamiento, por la v\u00eda del correo electr\u00f3nico a la direcci\u00f3n .<\/p>\r\n\r\n<h3>Cesi\u00f3n de datos<\/h3>\r\n<p class=\"ng-binding\">El usuario acepta que sus datos puedan ser cedidos, exclusivamente para las finalidades descritas anteriormente, a las entidades con las que participa . La aceptaci\u00f3n del usuario que sus datos puedan ser tratados o cedidos de la manera establecida en este par\u00e1grafo tiene siempre el car\u00e1cter de revocable, sin efectos retroactivos, de acuerdo con lo que disponen los art\u00edculos 6 y 11 de la Ley org\u00e1nica 15\/1999, de 13 de diciembre.<\/p>\r\n\r\n<h3>Modificaci\u00f3n de esta pol\u00edtica de privacidad<\/h3>\r\n<p class=\"ng-binding\">se reserva el derecho de modificar su pol\u00edtica de protecci\u00f3n de datos de acuerdo con su criterio, o a causa de un cambio legislativo, jurisprudencial o en la pr\u00e1ctica empresarial. Si , introduce alguna modificaci\u00f3n, el nuevo texto ser\u00e1 publicado en esta misma p\u00e1gina, donde el usuario podr\u00e1 tener conocimiento de la pol\u00edtica de protecci\u00f3n de datos. Sea como sea, la relaci\u00f3n con los usuarios se regir\u00e1 por las normas previstas en el momento preciso en que se accede al espacio web.<\/p>","_et_gb_content_width":"","footnotes":""},"class_list":["post-60483","page","type-page","status-publish","hentry"],"acf":[],"yoast_head":"<!-- This site is optimized with the Yoast SEO plugin v27.4 - https:\/\/yoast.com\/product\/yoast-seo-wordpress\/ -->\n<title>Aviso legal - Naut Aran Era Reserva - Web tur&iacute;stica Naut Aran<\/title>\n<meta name=\"robots\" content=\"noindex, follow, max-snippet:-1, max-image-preview:large, max-video-preview:-1\" \/>\n<meta property=\"og:locale\" content=\"ca_ES\" \/>\n<meta property=\"og:type\" content=\"article\" \/>\n<meta property=\"og:title\" content=\"Aviso legal - Naut Aran Era Reserva - Web tur&iacute;stica Naut Aran\" \/>\n<meta property=\"og:description\" content=\"INFORMACI\u00d3 LEGAL LSSIICE D\u2019acord amb les obligacions previstes en la Llei 34\/2002, de Serveis de la Societat de la Informaci\u00f3 i de Comer\u00e7 Electr\u00f2nic (en endavant LSSIICE),\u00a0\u00a0AJUNTAMENT NAUT ARAN\u00a0amb CIF\u00a0P-2523300-H\u00a0i domicili social a\u00a0c.\u00a0Balmes, n. 2, 25598 SALARD\u00da (VALL D\u2019ARAN)\u00a0i adre\u00e7a electr\u00f2nica\u00a0info@nautaran.org, manifesta que s\u00f3n de la seva\u00a0 propietat: \u2013 El domini https:\/\/test.visitnautaran.com\/ca \u2013 Els perfils [&hellip;]\" \/>\n<meta property=\"og:site_name\" content=\"Naut Aran Era Reserva - Web tur&iacute;stica Naut Aran\" \/>\n<meta property=\"article:modified_time\" content=\"2024-08-27T06:18:56+00:00\" \/>\n<meta name=\"twitter:card\" content=\"summary_large_image\" \/>\n<meta name=\"twitter:label1\" content=\"Temps estimat de lectura\" \/>\n\t<meta name=\"twitter:data1\" content=\"12 minuts\" \/>\n<script type=\"application\/ld+json\" class=\"yoast-schema-graph\">{\"@context\":\"https:\\\/\\\/schema.org\",\"@graph\":[{\"@type\":\"WebPage\",\"@id\":\"https:\\\/\\\/test.visitnautaran.com\\\/ca\\\/aviso-legal\\\/\",\"url\":\"https:\\\/\\\/test.visitnautaran.com\\\/ca\\\/aviso-legal\\\/\",\"name\":\"Aviso legal - Naut Aran Era Reserva - Web tur&iacute;stica Naut Aran\",\"isPartOf\":{\"@id\":\"https:\\\/\\\/test.visitnautaran.com\\\/#website\"},\"datePublished\":\"2016-11-14T11:40:45+00:00\",\"dateModified\":\"2024-08-27T06:18:56+00:00\",\"breadcrumb\":{\"@id\":\"https:\\\/\\\/test.visitnautaran.com\\\/ca\\\/aviso-legal\\\/#breadcrumb\"},\"inLanguage\":\"ca\",\"potentialAction\":[{\"@type\":\"ReadAction\",\"target\":[\"https:\\\/\\\/test.visitnautaran.com\\\/ca\\\/aviso-legal\\\/\"]}]},{\"@type\":\"BreadcrumbList\",\"@id\":\"https:\\\/\\\/test.visitnautaran.com\\\/ca\\\/aviso-legal\\\/#breadcrumb\",\"itemListElement\":[{\"@type\":\"ListItem\",\"position\":1,\"name\":\"Inicio\",\"item\":\"https:\\\/\\\/test.visitnautaran.com\\\/ca\\\/\"},{\"@type\":\"ListItem\",\"position\":2,\"name\":\"Aviso legal\"}]},{\"@type\":\"WebSite\",\"@id\":\"https:\\\/\\\/test.visitnautaran.com\\\/#website\",\"url\":\"https:\\\/\\\/test.visitnautaran.com\\\/\",\"name\":\"Naut Aran Era Reserva - Web tur&iacute;stica Naut Aran\",\"description\":\"Naut Aran Era Reserva\",\"potentialAction\":[{\"@type\":\"SearchAction\",\"target\":{\"@type\":\"EntryPoint\",\"urlTemplate\":\"https:\\\/\\\/test.visitnautaran.com\\\/?s={search_term_string}\"},\"query-input\":{\"@type\":\"PropertyValueSpecification\",\"valueRequired\":true,\"valueName\":\"search_term_string\"}}],\"inLanguage\":\"ca\"}]}<\/script>\n<!-- \/ Yoast SEO plugin. -->","yoast_head_json":{"title":"Aviso legal - Naut Aran Era Reserva - Web tur&iacute;stica Naut Aran","robots":{"index":"noindex","follow":"follow","max-snippet":"max-snippet:-1","max-image-preview":"max-image-preview:large","max-video-preview":"max-video-preview:-1"},"og_locale":"ca_ES","og_type":"article","og_title":"Aviso legal - Naut Aran Era Reserva - Web tur&iacute;stica Naut Aran","og_description":"INFORMACI\u00d3 LEGAL LSSIICE D\u2019acord amb les obligacions previstes en la Llei 34\/2002, de Serveis de la Societat de la Informaci\u00f3 i de Comer\u00e7 Electr\u00f2nic (en endavant LSSIICE),\u00a0\u00a0AJUNTAMENT NAUT ARAN\u00a0amb CIF\u00a0P-2523300-H\u00a0i domicili social a\u00a0c.\u00a0Balmes, n. 2, 25598 SALARD\u00da (VALL D\u2019ARAN)\u00a0i adre\u00e7a electr\u00f2nica\u00a0info@nautaran.org, manifesta que s\u00f3n de la seva\u00a0 propietat: \u2013 El domini https:\/\/test.visitnautaran.com\/ca \u2013 Els perfils [&hellip;]","og_site_name":"Naut Aran Era Reserva - Web tur&iacute;stica Naut Aran","article_modified_time":"2024-08-27T06:18:56+00:00","twitter_card":"summary_large_image","twitter_misc":{"Temps estimat de lectura":"12 minuts"},"schema":{"@context":"https:\/\/schema.org","@graph":[{"@type":"WebPage","@id":"https:\/\/test.visitnautaran.com\/ca\/aviso-legal\/","url":"https:\/\/test.visitnautaran.com\/ca\/aviso-legal\/","name":"Aviso legal - Naut Aran Era Reserva - Web tur&iacute;stica Naut Aran","isPartOf":{"@id":"https:\/\/test.visitnautaran.com\/#website"},"datePublished":"2016-11-14T11:40:45+00:00","dateModified":"2024-08-27T06:18:56+00:00","breadcrumb":{"@id":"https:\/\/test.visitnautaran.com\/ca\/aviso-legal\/#breadcrumb"},"inLanguage":"ca","potentialAction":[{"@type":"ReadAction","target":["https:\/\/test.visitnautaran.com\/ca\/aviso-legal\/"]}]},{"@type":"BreadcrumbList","@id":"https:\/\/test.visitnautaran.com\/ca\/aviso-legal\/#breadcrumb","itemListElement":[{"@type":"ListItem","position":1,"name":"Inicio","item":"https:\/\/test.visitnautaran.com\/ca\/"},{"@type":"ListItem","position":2,"name":"Aviso legal"}]},{"@type":"WebSite","@id":"https:\/\/test.visitnautaran.com\/#website","url":"https:\/\/test.visitnautaran.com\/","name":"Naut Aran Era Reserva - Web tur&iacute;stica Naut Aran","description":"Naut Aran Era Reserva","potentialAction":[{"@type":"SearchAction","target":{"@type":"EntryPoint","urlTemplate":"https:\/\/test.visitnautaran.com\/?s={search_term_string}"},"query-input":{"@type":"PropertyValueSpecification","valueRequired":true,"valueName":"search_term_string"}}],"inLanguage":"ca"}]}},"_links":{"self":[{"href":"https:\/\/test.visitnautaran.com\/ca\/wp-json\/wp\/v2\/pages\/60483","targetHints":{"allow":["GET"]}}],"collection":[{"href":"https:\/\/test.visitnautaran.com\/ca\/wp-json\/wp\/v2\/pages"}],"about":[{"href":"https:\/\/test.visitnautaran.com\/ca\/wp-json\/wp\/v2\/types\/page"}],"author":[{"embeddable":true,"href":"https:\/\/test.visitnautaran.com\/ca\/wp-json\/wp\/v2\/users\/3"}],"replies":[{"embeddable":true,"href":"https:\/\/test.visitnautaran.com\/ca\/wp-json\/wp\/v2\/comments?post=60483"}],"version-history":[{"count":2,"href":"https:\/\/test.visitnautaran.com\/ca\/wp-json\/wp\/v2\/pages\/60483\/revisions"}],"predecessor-version":[{"id":62009,"href":"https:\/\/test.visitnautaran.com\/ca\/wp-json\/wp\/v2\/pages\/60483\/revisions\/62009"}],"wp:attachment":[{"href":"https:\/\/test.visitnautaran.com\/ca\/wp-json\/wp\/v2\/media?parent=60483"}],"curies":[{"name":"wp","href":"https:\/\/api.w.org\/{rel}","templated":true}]}}